{"id":91,"date":"2013-09-17T18:26:22","date_gmt":"2013-09-17T17:26:22","guid":{"rendered":"http:\/\/www.vignobleshermouet.com\/?page_id=91"},"modified":"2018-05-28T11:02:50","modified_gmt":"2018-05-28T10:02:50","slug":"clos-du-roy","status":"publish","type":"page","link":"http:\/\/www.vignobleshermouet.com\/en\/the-wines\/clos-du-roy\/","title":{"rendered":"Clos du Roy"},"content":{"rendered":"<p style=\"text-align: justify;\">The first proper bottling in Ch\u00e2teau Clos du Roy was in 1970. Beforehand, the vine of this small wine estate was sold as bulk wine to wine trading companies. Clos du Roy quickly gained some fame and ranked among the high quality Fronsac wines. Ch\u00e2teau Clos du Roy takes part in a French contest called <i>Concours G\u00e9n\u00e9rale Agricole de Paris<\/i> on a yearly basis; it has been awarded the gold medal for the vintages 1975, 1985 and 2003 and three times in a raw for vintages 2009, 2010 and 2011, what consecrates our consistent efforts and quality mastery.<\/p>\n<p><span class=\"translation\">Since the 2014 vintage, the Clos du Roy has been tasted in the Primeur with a certain success for the 2015 and 2016 vintages<\/span><\/p>\n<p style=\"text-align: justify;\"><a title=\"Clos du Roy\" href=\"http:\/\/www.vignobleshermouet.com\/en\/the-wines\/clos-du-roy\/clos-du-roy\/\">Clos du Roy<\/a><\/p>\n<p><a href=\"http:\/\/www.vignobleshermouet.com\/en\/arabesque-de-clos-du-roy\/\">Arabesque de Clos du Roy<\/a><\/p>\n<p><a href=\"http:\/\/www.vignobleshermouet.com\/en\/the-wines\/chateau-lalande-mausse\/\">Ch\u00e2teau Lalande Mausse<\/a><\/p>\n","protected":false},"excerpt":{"rendered":"<p>The first proper bottling in Ch\u00e2teau Clos du Roy was in 1970. Beforehand, the vine [&hellip;]<\/p>\n","protected":false},"author":1,"featured_media":1024,"parent":89,"menu_order":0,"comment_status":"open","ping_status":"open","template":"","meta":[],"_links":{"self":[{"href":"http:\/\/www.vignobleshermouet.com\/en\/wp-json\/wp\/v2\/pages\/91"}],"collection":[{"href":"http:\/\/www.vignobleshermouet.com\/en\/wp-json\/wp\/v2\/pages"}],"about":[{"href":"http:\/\/www.vignobleshermouet.com\/en\/wp-json\/wp\/v2\/types\/page"}],"author":[{"embeddable":true,"href":"http:\/\/www.vignobleshermouet.com\/en\/wp-json\/wp\/v2\/users\/1"}],"replies":[{"embeddable":true,"href":"http:\/\/www.vignobleshermouet.com\/en\/wp-json\/wp\/v2\/comments?post=91"}],"version-history":[{"count":12,"href":"http:\/\/www.vignobleshermouet.com\/en\/wp-json\/wp\/v2\/pages\/91\/revisions"}],"predecessor-version":[{"id":965,"href":"http:\/\/www.vignobleshermouet.com\/en\/wp-json\/wp\/v2\/pages\/91\/revisions\/965"}],"up":[{"embeddable":true,"href":"http:\/\/www.vignobleshermouet.com\/en\/wp-json\/wp\/v2\/pages\/89"}],"wp:featuredmedia":[{"embeddable":true,"href":"http:\/\/www.vignobleshermouet.com\/en\/wp-json\/wp\/v2\/media\/1024"}],"wp:attachment":[{"href":"http:\/\/www.vignobleshermouet.com\/en\/wp-json\/wp\/v2\/media?parent=91"}],"curies":[{"name":"wp","href":"https:\/\/api.w.org\/{rel}","templated":true}]}}