{"id":988,"date":"2018-02-27T10:09:37","date_gmt":"2018-02-27T09:09:37","guid":{"rendered":"http:\/\/www.vignobleshermouet.com\/en\/?page_id=988"},"modified":"2023-03-06T11:20:54","modified_gmt":"2023-03-06T10:20:54","slug":"press-review-awards-chateau-roc-meynard-white-wine","status":"publish","type":"page","link":"http:\/\/www.vignobleshermouet.com\/en\/press-review-awards-chateau-roc-meynard-white-wine\/","title":{"rendered":"Press review &#038; Awards &#8211;\u00a0Ch\u00e2teau Roc Meynard &#8211; White Wine"},"content":{"rendered":"<h2>Ch\u00e2teau Roc Meynard &#8211; White Wine<\/h2>\n<h4 style=\"text-align: right;\">Classification by vintage<\/h4>\n<h3><span style=\"color: #a80f0f;\"><strong>2020 \u2013 <\/strong><strong>GRANDE CUV\u00c9E<\/strong><\/span><\/h3>\n<p><strong>GUIDE HACHETTE 2023 \u2013 SEPTEMBRE 2022<\/strong><br \/>\n1 \u00e9toile<\/p>\n<blockquote><p>L\u2019\u00e9levage sous bois reste en retrait, laissant s\u2019exprimer un bon fruit blanc et des notes de fleurs blanches. Cette aromatique tr\u00e8s fra\u00eeche se prolonge en bouche, sur une trame souple, \u00e9l\u00e9gante, charnue m\u00eame, \u00e9tir\u00e9e dans une finale fusel\u00e9e. 2022-2026<\/p><\/blockquote>\n<h3><span style=\"color: #a80f0f;\"><strong>2020 \u2013 <\/strong><strong>BLANC SEC<\/strong><\/span><\/h3>\n<p><strong>GEORGIE HINDLE \u2013 DECANTER \u2013 JUIN 2021<\/strong><br \/>\n91<\/p>\n<blockquote>\n<div class=\"page\" title=\"Page 1\">\n<div class=\"section\">\n<div class=\"layoutArea\">\n<div class=\"column\">\n<p>White flowers and grapefruit on the nose. This small-production 50\/50 Sauvignon Blanc\/ Se\u0301millon comes from only two hectares of white varieties grown at this estate. It has excellent vibrancy on the palate, succulent but with a soft, sweet juiciness to it. There are elements of nectarine, apricot and ripe peaches with some wet stone, mineral touches that come through too. It\u2019s great quality, easy to drink, and has nuance and aromatic interest. Pair with cheese, and white meats. Drink 2021-2024<\/p>\n<\/div>\n<\/div>\n<\/div>\n<\/div>\n<\/blockquote>\n<p><strong>OSCARS DES BORDEAUX \u2013 MARS 2021<\/strong><\/p>\n<blockquote><p>\u00c9lu Bordeaux de l\u2019\u00e9t\u00e9 2021<\/p><\/blockquote>\n<h3><span style=\"color: #a80f0f;\"><strong>2019 \u2013 <\/strong><strong>BLANC SEC<\/strong><\/span><\/h3>\n<p><strong>VERT DE VIN (Choukroun Chicheportiche Jonathan) \u2013 NOVMEMBRE 2020<\/strong><br \/>\n89 pts \u2013 14,75\/20<\/p>\n<blockquote><p>Le nez est frais, fruite\u0301 et offre une petite mine\u0301ralite\u0301 ainsi qu\u2019une certaine puissance. On y retrouve des notes de pomme mu\u0302re, de poire croquante et plus le\u0301ge\u0300rement de fleurs blanches associe\u0301es a\u0300 de fines pointes varie\u0301tales, de citron\/coing juteux et a\u0300 un imperceptible pointe toaste\u0301e (en fond). La bouche est fraiche, mine\u0301rale, fruite\u0301e, cisele\u0301e et offre une trame acidule\u0301e ainsi que du dynamisme. En bouche ce vin exprime des notes de citron, de zestes de citron et plus le\u0301ge\u0300rement de pomme blanche\/juteuse associe\u0301es a\u0300 des touches de pe\u0302che blanche croquante, de fleurs de pe\u0302che croquante, a\u0300 de tre\u0300s fines pointes de pierre a\u0300 fusil ainsi qu\u2019a\u0300 une imperceptible pointe varie\u0301tale et de toaste\u0301 (en fond). Bonne longueur.<\/p><\/blockquote>\n<p><strong>WINE ENTHUSIAST \u2013 OCTOBRE 2020<\/strong><br \/>\n88<\/p>\n<blockquote><p>Soft and ripe with flavors of apricot and apple, this blend of Sauvignon Blanc and Se\u0301millon has good acidity and fresh crispness. An herbal touch gives a cool edge to the aftertaste of this refreshing, tangy wine. Drink now.<\/p><\/blockquote>\n<p><strong>GUIDE HACHETTE \u2013 SEPTEMBRE 2020<\/strong><br \/>\n1 \u00e9toile<\/p>\n<blockquote><p>Le nez offre un joli m\u00e9lange de fruits exotiques et acidul\u00e9s qui rappelle entre autres l\u2019ananas et la groseille \u00e0 maquereau. M\u00eame jeu de contrastes en bouche, o\u00f9 le gras du s\u00e9millon r\u00e9pond \u00e0 la vivacit\u00e9 du sauvignon. Voil\u00e0 un vin bien compos\u00e9 qui pourra s\u2019appr\u00e9cier sur des entr\u00e9es de la mer.<\/p><\/blockquote>\n<h3><span style=\"color: #a80f0f;\"><strong>2019 \u2013 <\/strong><strong>GRANDE CUV\u00c9E<\/strong><\/span><\/h3>\n<p><strong>GUIDE HACHETTE 2022 \u2013 SEPTEMBRE 2021<\/strong><br \/>\n2 \u00e9toiles \u2013 COUP DE COEUR<\/p>\n<blockquote><p>Elev\u00e9 5 mois sur lies en barrique, ce 2019 a tout bon. Au nez se d\u00e9ploient apr\u00e8s a\u00e9ration de fins ar\u00f4mes d\u2019agrumes, de fruits exotiques et de buis, accompagn\u00e9s de nuances brioch\u00e9es. Un bouquet auquel fait un long \u00e9cho une bouche ample et suave, stimul\u00e9e jusqu\u2019en finale par une agr\u00e9able tension citronn\u00e9e. Une haute expression de l\u2019appellation.<\/p><\/blockquote>\n<p><strong>WINE ENTHUSIAST \u2013 OCTOBRE 2020<\/strong><br \/>\n90<\/p>\n<blockquote><p>This wine\u2019s fruit has been softened and rounded by five months\u2019 aging in wood. A catty aroma from the herbal Sauvignon Blanc needs to calm down. When that happens this will be a ripe, spicy white-fruit and citrus-flavored wine. Drink from 2021.<\/p><\/blockquote>\n<p><strong>VERT DE VIN (Choukroun Chicheportiche Jonathan) \u2013 NOVMEMBRE 2020<\/strong><br \/>\n90 pts \u2013 15,25\/20<\/p>\n<blockquote><p>Le nez est frais, fruite\u0301 et offre une certaine intensite\u0301. On y retrouve des notes de mandarine, de fleurs de pamplemousse et plus le\u0301ge\u0300rement de citron mu\u0302r\/frais associe\u0301es a\u0300 de fines touches de pomme, de fleurs de pe\u0302che et a\u0300 une discre\u0300te pointe de tilleul. La bouche est fraiche, mine\u0301rale, e\u0301quilibre\u0301e et offre une trame mine\u0301rale, une jolie finesse du gras. En bouche ce vin exprime des notes de citron juteux\/frais, de nectarine charnue\/juteuse et plus le\u0301ge\u0300rement de litchi juteux associe\u0301es a\u0300 une touche de pamplemousse frais ainsi qu\u2019a\u0300 une tre\u0300s discre\u0300te pointe de pomme e\u0301crase\u0301e, a\u0300 une imperceptible pointe de salinite\u0301 et d\u2019amande (en fond). Bonne longueur.<\/p><\/blockquote>\n<h3><span style=\"color: #a80f0f;\"><strong>2<span style=\"color: #a80f0f;\">018 &#8211; <\/span><\/strong><strong><span style=\"color: #a80f0f;\">BLA<\/span>NC SEC<\/strong><\/span><\/h3>\n<p><strong>WINE ENTHUSIAST \u2013 SEPTEMBRE 2019<\/strong><br \/>\n87<\/p>\n<blockquote><p>This wine&rsquo;s soft texture belies its ripeness as well as the fruitiness that will develop as it ages over the next few months. Its rich character is a product of the warm vintage and emphasizes apricot and yellow-plum flavors. Drink now.<\/p><\/blockquote>\n<p><strong>VERT DE VIN \u2013 AVRIL 2019<\/strong><br \/>\n91-92 pts &#8211; 15,75\/20<\/p>\n<blockquote><p>Le nez est fruit\u00e9, finement serr\u00e9 et offre de la jutosit\u00e9. On y retrouve des notes de p\u00eache charnue, de poire croquante et plus l\u00e9g\u00e8rement de fleurs de citronnier et de fleurs exotiques. La bouche est fruit\u00e9e, \u00e9quilibr\u00e9e et offre de la jutosit\u00e9, de l\u2019\u00e9l\u00e9gance, une jolie d\u00e9finition et de la pr\u00e9cision. En bouche ce vin exprime des notes de citron m\u00fbr\/juteux, de nectarine m\u00fbre\/juteuse et plus l\u00e9g\u00e8rement de fruits exotiques associ\u00e9es \u00e0 de discr\u00e8tes pointes de fleurs et \u00e0 une subtile pointe de qu\u00e9nette\/litchi. Bonne longueur.<\/p><\/blockquote>\n<h3><span style=\"color: #a80f0f;\"><strong>2018 &#8211; <\/strong><strong>GRANDE CUV\u00c9E<\/strong><\/span><\/h3>\n<p><strong>TERRE DE VIN \u2013 MARS 2019<\/strong><br \/>\n17\/20 &#8211; COUP DE COEUR<\/p>\n<blockquote><p>Coup de c\u0153ur! Cr\u00e9\u00e9e en lisi\u00e8re de l&rsquo;appellation Fronsac, cet assemblage \u00e0 \u00e9galit\u00e9 de sauvignon blanc et s\u00e9millon, pour partie \u00e9lev\u00e9 en barriques de ch\u00eane, est un noble repr\u00e9sentant de Bordeaux, \u00e9quilibr\u00e9 et harmonieux. Apr\u00e8s un nez expressif ( pamplemousse rose, fruit de la passion), la bouche, transcend\u00e9e par une acidit\u00e9 dynamisante, va crescendo, entre une attaque l\u00e9g\u00e8re, un milieu de bouche plus opulent et gras, et une finzale justement am\u00e8re.<\/p><\/blockquote>\n<h3><span style=\"color: #a80f0f;\"><strong>2016 &#8211;\u00a0<\/strong><strong>BLANC SEC<\/strong><\/span><\/h3>\n<p><strong>VINOGUSTO &#8211; MAI 2017<\/strong><\/p>\n<p>Consacr\u00e9 \u00e0 la vigne depuis plus de 3 si\u00e8cles, le terroir du Ch\u00e2teau Roc Meynard\u00a0est regroup\u00e9 autour du tertre de Meynard, en lisi\u00e8re de l\u2019appellation Fronsac. Il\u00a0s\u2019\u00e9tend sur 35 hectares d\u2019un seul tenant, dont 26 sont plant\u00e9s en vignes. Le\u00a0domaine produit principalement des vins rouges. Cependant 2 hectares ont \u00e9t\u00e9\u00a0plant\u00e9s en 2010 et 2011 pour produire des vins blancs et renouer ainsi avec\u00a0une tr\u00e8s ancienne tradition. Le vignoble blanc est compos\u00e9 pour moiti\u00e9 de\u00a0Sauvignon blanc sur des sols argilo-sableux riches en fer et pour moiti\u00e9 de\u00a0S\u00e9millon sur un terroir de c\u00f4tes argilo-calcaires.<\/p>\n<p>15\/20<\/p>\n<blockquote><p>Moiti\u00e9 Sauvignon Blanc, moiti\u00e9 S\u00e9millon, pour un vin fruit\u00e9, aromatique et\u00a0bien \u00e9quilibr\u00e9. Il nous rappelle les sugus de nos grands-m\u00e8res, vous voyez, ceux \u00e0\u00a0l\u2019ananas (les verts) et ceux au citron (les bleus). La pointe d\u2019acidit\u00e9 en finale \u00e9vite\u00a0que l\u2019on se lasse. Un ap\u00e9ro bien foutu.<\/p><\/blockquote>\n<p><strong>DECANTER \u2013 AVRIL 2017<\/strong><br \/>\n89<\/p>\n<blockquote><p>One of the whites with more vivid fruit and freshness on the nose. Floral and white stone fruit as well as citrus. The 50-50 blend of Semillon and Sauvignon Blanc has a lively vivacious palate and a lifting finish. Nice job! Available for delivery directly from producer. Drink 2017-2019<\/p><\/blockquote>\n<p><strong>WINE ENTHUSIAST \u2013 AVRIL 2017<\/strong><br \/>\n87<\/p>\n<blockquote><p>Crisp and with a strongly mineral character, this is a young, textured wine. As it softens and gets the ripeness of the vintage, it will become smooth and rich. Drink from late 2017.<\/p><\/blockquote>\n<h3><span style=\"color: #a80f0f;\"><strong>2015 &#8211;\u00a0<\/strong><strong>BLANC SEC<\/strong><\/span><\/h3>\n<p><strong>VINOGUSTO &#8211; MAI 2016<\/strong><\/p>\n<p>Que ce soit au Clos du Roy sur la commune de Saillans ou au Ch\u00e2teau Roc Meynard sur la commune voisine de Villegouge, les terroirs sont de grande qualit\u00e9 et leur potentiel viticole est reconnu depuis longtemps. La carte de Belleyme, \u00e9tablie au XVIII\u00e8me si\u00e8cle montre que la vigne y \u00e9tait d\u00e9j\u00e0 pr\u00e9sente \u00e0 l\u2019\u00e9poque. Notre projet, en particulier lors des plantations, a \u00e9t\u00e9 d\u2019exploiter au mieux ce potentiel en recherchant les meilleurs porte-greffes et en privil\u00e9giant des densit\u00e9s \u00e9lev\u00e9es : 6000 pieds \u00e0 l\u2019hectare pour les vignobles de Fronsac et 5000 pour les Bordeaux sup\u00e9rieurs et Bordeaux blancs.<\/p>\n<p>4\/5 &#8211; Tr\u00e8s bon<\/p>\n<blockquote><p>Laur\u00e9at d\u00e9gustation Bordeaux Frais Mai 2016<br \/>\nAu nez, des ar\u00f4mes de fruits bien m\u00fbrs. En bouche, un petit c\u00f4t\u00e9 bonbon, du gras,\u00a0de l\u2019ampleur, le retour des fruits m\u00fbrs. Ce Sauvignon \u00e9tonnant, \u00e9lev\u00e9 sur lie, est\u00a0une r\u00e9elle gourmandise \u00e0 d\u00e9guster sur une p\u00e2tisserie aux bananes, aux p\u00eaches ou\u00a0\u00e0 la mangue. A essayer ! Temp\u00e9rature de service : 10-12\u00b0C<br \/>\nCote : 15\/20<\/p><\/blockquote>\n<p><strong>CONCOURS DES VINS D\u2019AQUITAINE \u2013 MAI 2016<\/strong><\/p>\n<blockquote><p>M\u00e9daille de Bronze<\/p><\/blockquote>\n<p><strong>DECANTER \u2013 AVRIL\u00a02016<\/strong><\/p>\n<p>87<\/p>\n<h3><span style=\"color: #a80f0f;\">\u00a0<strong>2015 &#8211;\u00a0<\/strong><strong>GRANDE CUV\u00c9E<\/strong><\/span><\/h3>\n<p><strong>GUIDE HACHETTE 2017 &#8211; SEPTEMBRE\u00a02016<\/strong><\/p>\n<blockquote><p>Ce 100% sauvignon a pass\u00e9 six mois en barriques et cela se sent, nettement, \u00e0 travers des notes toast\u00e9es et vanill\u00e9es puissantes. Un legs du merrain que l\u2019on retrouve dans une bouche souple, suave et tendre, presque cr\u00e9meuse. \u00c0 attendre un peu pour que le bois se fonde. 2017-2020. Colombo de porc<\/p><\/blockquote>\n<p><strong>VINOGUSTO &#8211; MAI 2016<\/strong><\/p>\n<p>Que ce soit au Clos du Roy sur la commune de Saillans ou au Ch\u00e2teau Roc Meynard sur la commune voisine de Villegouge, les terroirs sont de grande qualit\u00e9 et leur potentiel viticole est reconnu depuis longtemps. La carte de Belleyme, \u00e9tablie au XVIII\u00e8me si\u00e8cle montre que la vigne y \u00e9tait d\u00e9j\u00e0 pr\u00e9sente \u00e0 l\u2019\u00e9poque. Notre projet, en particulier lors des plantations, a \u00e9t\u00e9 d\u2019exploiter au mieux ce potentiel en recherchant les meilleurs porte-greffes et en privil\u00e9giant des densit\u00e9s \u00e9lev\u00e9es : 6000 pieds \u00e0 l\u2019hectare pour les vignobles de Fronsac et 5000 pour les Bordeaux sup\u00e9rieurs et Bordeaux blancs.<\/p>\n<p>4\/5 &#8211; Tr\u00e8s bon<\/p>\n<blockquote><p>Laur\u00e9at d\u00e9gustation Bordeaux Frais Mai 2016<br \/>\nUn vin \u00e9l\u00e9gant, l\u00e9g\u00e8rement bois\u00e9, avec du gras, du fruit, une pointe d\u2019acidit\u00e9 en\u00a0finale. Conviendra parfaitement pour le repas, surtout si une petite sole s\u2019est\u00a0perdue du c\u00f4t\u00e9 de chez vous. Bien jou\u00e9 !<br \/>\nTemp\u00e9rature de service : 10-12\u00b0C<br \/>\nCote : 15\/20<\/p><\/blockquote>\n<h3><span style=\"color: #a80f0f;\"><strong>2014 &#8211; BLANC SEC<\/strong><\/span><\/h3>\n<p><strong>CHALLENGE INTERNATIONAL DU VIN DE BLAYE \u2013 AVRIL 2015<\/strong><\/p>\n<blockquote><p>M\u00e9daille d\u2019Argent<\/p><\/blockquote>\n<h3><span style=\"color: #a80f0f;\"><strong>2013<\/strong><strong> &#8211; BLANC SEC<\/strong><\/span><\/h3>\n<p><strong>DECANTER \u2013 JUIN 2014<\/strong><\/p>\n<p>15,5 (85) Recommended<\/p>\n<blockquote><p>The ch\u00e2teau is located in the Fronsac region, near the village of villegouge on the right bank of the Dordogne. Lovely light reflective pale straw colour, light intensity and fresh, crisp nose, gently flirting. Good lift, good aromatics, good Bordeaux tipicity from winemaker Philippe Hermouet. Blend is 50% Sauvignon Blanc and 50% Semillon, from young vines planted in 2010, vinifed in stainless steel with four months on the lees before bottling. Drink 2014-2017.<\/p><\/blockquote>\n<div><\/div>\n<div><\/div>\n","protected":false},"excerpt":{"rendered":"<p>Ch\u00e2teau Roc Meynard &#8211; White Wine Classification by vintage 2020 \u2013 GRANDE CUV\u00c9E GUIDE HACHETTE [&hellip;]<\/p>\n","protected":false},"author":1,"featured_media":950,"parent":0,"menu_order":0,"comment_status":"closed","ping_status":"closed","template":"","meta":[],"_links":{"self":[{"href":"http:\/\/www.vignobleshermouet.com\/en\/wp-json\/wp\/v2\/pages\/988"}],"collection":[{"href":"http:\/\/www.vignobleshermouet.com\/en\/wp-json\/wp\/v2\/pages"}],"about":[{"href":"http:\/\/www.vignobleshermouet.com\/en\/wp-json\/wp\/v2\/types\/page"}],"author":[{"embeddable":true,"href":"http:\/\/www.vignobleshermouet.com\/en\/wp-json\/wp\/v2\/users\/1"}],"replies":[{"embeddable":true,"href":"http:\/\/www.vignobleshermouet.com\/en\/wp-json\/wp\/v2\/comments?post=988"}],"version-history":[{"count":5,"href":"http:\/\/www.vignobleshermouet.com\/en\/wp-json\/wp\/v2\/pages\/988\/revisions"}],"predecessor-version":[{"id":1099,"href":"http:\/\/www.vignobleshermouet.com\/en\/wp-json\/wp\/v2\/pages\/988\/revisions\/1099"}],"wp:featuredmedia":[{"embeddable":true,"href":"http:\/\/www.vignobleshermouet.com\/en\/wp-json\/wp\/v2\/media\/950"}],"wp:attachment":[{"href":"http:\/\/www.vignobleshermouet.com\/en\/wp-json\/wp\/v2\/media?parent=988"}],"curies":[{"name":"wp","href":"https:\/\/api.w.org\/{rel}","templated":true}]}}