{"id":101,"date":"2013-09-17T18:32:52","date_gmt":"2013-09-17T17:32:52","guid":{"rendered":"http:\/\/www.vignobleshermouet.com\/?page_id=101"},"modified":"2018-02-21T12:10:45","modified_gmt":"2018-02-21T11:10:45","slug":"chateau-lalande-mausse","status":"publish","type":"page","link":"https:\/\/www.vignobleshermouet.com\/fr\/les-vins\/chateau-lalande-mausse\/","title":{"rendered":"Ch\u00e2teau Lalande Mausse"},"content":{"rendered":"<p style=\"text-align: justify;\">Le Ch\u00e2teau Lalande Mausse est une petite propri\u00e9t\u00e9 int\u00e9gr\u00e9e au Clos du Roy en 2001. Situ\u00e9e sur le plateau de Bel Air \u00e0 Saillans, les sols sont plus sableux et donnent des vins plus l\u00e9gers, au caract\u00e8re tannique moins marqu\u00e9 que le Clos du Roy.<\/p>\n<p style=\"text-align: justify;\"><a href=\"https:\/\/www.vignobleshermouet.com\/fr\/wp-content\/uploads\/2013\/09\/fiche-technique-LM.pdf\" target=\"_blank\" rel=\"noopener\">Fiche technique Ch\u00e2teau Lalande Mausse<\/a><\/p>\n<p><a href=\"https:\/\/www.vignobleshermouet.com\/fr\/presse-et-distinction-chateau-lalande-mausse\/\">Presse et Distinctions &#8211; Ch\u00e2teau Lalande Mausse<\/a><\/p>\n<p>&nbsp;<\/p>\n<p>Nos autres Fronsacs:<\/p>\n<p><a href=\"https:\/\/www.vignobleshermouet.com\/fr\/les-vins\/clos-du-roy\/clos-du-roy\/\">Clos du Roy<\/a><\/p>\n<p><a href=\"https:\/\/www.vignobleshermouet.com\/fr\/arabesque-de-clos-du-roy\/\">Arabesque de Clos du roy<\/a><\/p>\n","protected":false},"excerpt":{"rendered":"<p>Le Ch\u00e2teau Lalande Mausse est une petite propri\u00e9t\u00e9 int\u00e9gr\u00e9e au Clos du Roy en 2001. [&hellip;]<\/p>\n","protected":false},"author":1,"featured_media":1016,"parent":89,"menu_order":0,"comment_status":"open","ping_status":"open","template":"","meta":{"footnotes":""},"_links":{"self":[{"href":"https:\/\/www.vignobleshermouet.com\/fr\/wp-json\/wp\/v2\/pages\/101"}],"collection":[{"href":"https:\/\/www.vignobleshermouet.com\/fr\/wp-json\/wp\/v2\/pages"}],"about":[{"href":"https:\/\/www.vignobleshermouet.com\/fr\/wp-json\/wp\/v2\/types\/page"}],"author":[{"embeddable":true,"href":"https:\/\/www.vignobleshermouet.com\/fr\/wp-json\/wp\/v2\/users\/1"}],"replies":[{"embeddable":true,"href":"https:\/\/www.vignobleshermouet.com\/fr\/wp-json\/wp\/v2\/comments?post=101"}],"version-history":[{"count":6,"href":"https:\/\/www.vignobleshermouet.com\/fr\/wp-json\/wp\/v2\/pages\/101\/revisions"}],"predecessor-version":[{"id":1387,"href":"https:\/\/www.vignobleshermouet.com\/fr\/wp-json\/wp\/v2\/pages\/101\/revisions\/1387"}],"up":[{"embeddable":true,"href":"https:\/\/www.vignobleshermouet.com\/fr\/wp-json\/wp\/v2\/pages\/89"}],"wp:featuredmedia":[{"embeddable":true,"href":"https:\/\/www.vignobleshermouet.com\/fr\/wp-json\/wp\/v2\/media\/1016"}],"wp:attachment":[{"href":"https:\/\/www.vignobleshermouet.com\/fr\/wp-json\/wp\/v2\/media?parent=101"}],"curies":[{"name":"wp","href":"https:\/\/api.w.org\/{rel}","templated":true}]}}