{"id":103,"date":"2013-09-17T18:33:43","date_gmt":"2013-09-17T17:33:43","guid":{"rendered":"http:\/\/www.vignobleshermouet.com\/?page_id=103"},"modified":"2018-02-22T12:03:32","modified_gmt":"2018-02-22T11:03:32","slug":"chateau-roc-meynard","status":"publish","type":"page","link":"https:\/\/www.vignobleshermouet.com\/fr\/les-vins\/chateau-roc-meynard\/","title":{"rendered":"Ch\u00e2teau Roc Meynard"},"content":{"rendered":"<p style=\"text-align: justify;\">Des sols argilo calcaires dans le prolongement de ceux de l\u2019appellation Fronsac, des densit\u00e9s \u00e9lev\u00e9es identiques \u00e0 celle de Fronsac, le m\u00eame travail \u00e0 la vigne que pour Clos du Roy, tout cela fait de Ch\u00e2teau Roc Meynard, un Bordeaux de caract\u00e8re.<\/p>\n<p style=\"text-align: justify;\">Si les vins rouges constituent l\u2019essentiel de la production, le Ch\u00e2teau Roc Meynard se d\u00e9cline aussi en blanc sec depuis 2012<\/p>\n<p>&nbsp;<\/p>\n<p><a href=\"https:\/\/www.vignobleshermouet.com\/fr\/chateau-roc-meynard-bordeaux-superieur-rouge\/\">Ch\u00e2teau Roc Meynard Rouge<\/a><\/p>\n<p><a href=\"https:\/\/www.vignobleshermouet.com\/fr\/chateau-roc-meynard-blanc\/\">Ch\u00e2teau Roc Meynard Blanc<\/a><\/p>\n","protected":false},"excerpt":{"rendered":"<p>Des sols argilo calcaires dans le prolongement de ceux de l\u2019appellation Fronsac, des densit\u00e9s \u00e9lev\u00e9es [&hellip;]<\/p>\n","protected":false},"author":1,"featured_media":1161,"parent":89,"menu_order":0,"comment_status":"open","ping_status":"open","template":"","meta":{"footnotes":""},"_links":{"self":[{"href":"https:\/\/www.vignobleshermouet.com\/fr\/wp-json\/wp\/v2\/pages\/103"}],"collection":[{"href":"https:\/\/www.vignobleshermouet.com\/fr\/wp-json\/wp\/v2\/pages"}],"about":[{"href":"https:\/\/www.vignobleshermouet.com\/fr\/wp-json\/wp\/v2\/types\/page"}],"author":[{"embeddable":true,"href":"https:\/\/www.vignobleshermouet.com\/fr\/wp-json\/wp\/v2\/users\/1"}],"replies":[{"embeddable":true,"href":"https:\/\/www.vignobleshermouet.com\/fr\/wp-json\/wp\/v2\/comments?post=103"}],"version-history":[{"count":13,"href":"https:\/\/www.vignobleshermouet.com\/fr\/wp-json\/wp\/v2\/pages\/103\/revisions"}],"predecessor-version":[{"id":1407,"href":"https:\/\/www.vignobleshermouet.com\/fr\/wp-json\/wp\/v2\/pages\/103\/revisions\/1407"}],"up":[{"embeddable":true,"href":"https:\/\/www.vignobleshermouet.com\/fr\/wp-json\/wp\/v2\/pages\/89"}],"wp:featuredmedia":[{"embeddable":true,"href":"https:\/\/www.vignobleshermouet.com\/fr\/wp-json\/wp\/v2\/media\/1161"}],"wp:attachment":[{"href":"https:\/\/www.vignobleshermouet.com\/fr\/wp-json\/wp\/v2\/media?parent=103"}],"curies":[{"name":"wp","href":"https:\/\/api.w.org\/{rel}","templated":true}]}}