{"id":1177,"date":"2017-11-07T09:43:05","date_gmt":"2017-11-07T08:43:05","guid":{"rendered":"http:\/\/www.vignobleshermouet.com\/fr\/?page_id=1177"},"modified":"2018-02-22T12:04:47","modified_gmt":"2018-02-22T11:04:47","slug":"chateau-roc-meynard-bordeaux-superieur-rouge","status":"publish","type":"page","link":"https:\/\/www.vignobleshermouet.com\/fr\/chateau-roc-meynard-bordeaux-superieur-rouge\/","title":{"rendered":"Ch\u00e2teau Roc Meynard &#8211; Bordeaux sup\u00e9rieur rouge"},"content":{"rendered":"<div class=\"page\" title=\"Page 1\">\n<div class=\"section\">\n<div class=\"layoutArea\">\n<div class=\"column\">\n<p>Produit sur des sols argilo-calcaires \u00e0 tendance argileuse marqu\u00e9e, le Bordeaux Sup\u00e9rieur du Ch\u00e2teau Roc Meynard est structur\u00e9 et apte au vieillissement. Il exprime aussi l\u2019harmonie et la complexit\u00e9 que lui conf\u00e8rent sa vinification et son \u00e9levage, soucieux avant tout de l\u2019\u00e9quilibre et de la finesse du vin.<\/p>\n<\/div>\n<p><a href=\"https:\/\/www.vignobleshermouet.com\/fr\/wp-content\/uploads\/2017\/11\/fiche-technique-RM-NW-ET.pdf\">Fiche technique Roc Meynard rouge<\/a><\/p>\n<p><a href=\"https:\/\/www.vignobleshermouet.com\/fr\/presse-et-distinction-roc-meynard-rouge\/\">Presse et distinctions Ch\u00e2teau Roc Meynard Rouge<\/a><\/p>\n<\/div>\n<\/div>\n<\/div>\n<p>&nbsp;<\/p>\n<p><a href=\"https:\/\/www.vignobleshermouet.com\/fr\/chateau-roc-meynard-blanc\/\">Ch\u00e2teau Roc Meynard Blanc<\/a><\/p>\n","protected":false},"excerpt":{"rendered":"<p>Produit sur des sols argilo-calcaires \u00e0 tendance argileuse marqu\u00e9e, le Bordeaux Sup\u00e9rieur du Ch\u00e2teau Roc [&hellip;]<\/p>\n","protected":false},"author":1,"featured_media":1161,"parent":0,"menu_order":0,"comment_status":"closed","ping_status":"closed","template":"","meta":{"footnotes":""},"_links":{"self":[{"href":"https:\/\/www.vignobleshermouet.com\/fr\/wp-json\/wp\/v2\/pages\/1177"}],"collection":[{"href":"https:\/\/www.vignobleshermouet.com\/fr\/wp-json\/wp\/v2\/pages"}],"about":[{"href":"https:\/\/www.vignobleshermouet.com\/fr\/wp-json\/wp\/v2\/types\/page"}],"author":[{"embeddable":true,"href":"https:\/\/www.vignobleshermouet.com\/fr\/wp-json\/wp\/v2\/users\/1"}],"replies":[{"embeddable":true,"href":"https:\/\/www.vignobleshermouet.com\/fr\/wp-json\/wp\/v2\/comments?post=1177"}],"version-history":[{"count":3,"href":"https:\/\/www.vignobleshermouet.com\/fr\/wp-json\/wp\/v2\/pages\/1177\/revisions"}],"predecessor-version":[{"id":1408,"href":"https:\/\/www.vignobleshermouet.com\/fr\/wp-json\/wp\/v2\/pages\/1177\/revisions\/1408"}],"wp:featuredmedia":[{"embeddable":true,"href":"https:\/\/www.vignobleshermouet.com\/fr\/wp-json\/wp\/v2\/media\/1161"}],"wp:attachment":[{"href":"https:\/\/www.vignobleshermouet.com\/fr\/wp-json\/wp\/v2\/media?parent=1177"}],"curies":[{"name":"wp","href":"https:\/\/api.w.org\/{rel}","templated":true}]}}