{"id":1205,"date":"2017-11-07T16:35:08","date_gmt":"2017-11-07T15:35:08","guid":{"rendered":"http:\/\/www.vignobleshermouet.com\/fr\/?page_id=1205"},"modified":"2022-09-30T15:20:22","modified_gmt":"2022-09-30T14:20:22","slug":"presse-et-distinction-arabesque","status":"publish","type":"page","link":"https:\/\/www.vignobleshermouet.com\/fr\/presse-et-distinction-arabesque\/","title":{"rendered":"Presse et distinction &#8211; Arabesque"},"content":{"rendered":"<h2 class=\"page\" title=\"Page 1\">Arabesque\u00a0de Clos du Roy<\/h2>\n<h4 style=\"text-align: right;\"><strong>Classement par mill\u00e9sime<\/strong><\/h4>\n<h2><span style=\"color: #8a2121;\"><strong>2019<\/strong><\/span><\/h2>\n<p><strong>VERT DE VIN (Choukroun Chicheportiche Jonathan) \u2013 JUIN 2020<\/strong><br \/>\n90-91 pts &#8211; 15,5\/20<\/p>\n<blockquote><p>Le nez est fruit\u00e9, \u00e9l\u00e9gant et offre une fine concentration\/puissance ainsi qu\u2019un grain fin. On y retrouve des notes de cassis, de m\u00fbre et plus l\u00e9g\u00e8rement de fraise \u00e9cras\u00e9e associ\u00e9es \u00e0 de petites touches de petites baies \u00e9cras\u00e9es ainsi qu\u2019\u00e0 des pointes de cardamone, de violette, de lys, de muscade et de poivre (en fond). La bouche est fruit\u00e9e, \u00e9quilibr\u00e9e, min\u00e9rale et offre une bonne d\u00e9finition, de la gourmandise et une trame fraiche\/acidul\u00e9e. En bouche ce vin exprime des notes de fraise des bois croquante, de cassis juteux et plus l\u00e9g\u00e8rement de m\u00fbre croquante associ\u00e9es \u00e0 des touches de petites baies sauvages, de violette fraiche ainsi qu\u2019\u00e0 des pointes de min\u00e9ralit\u00e9 rac\u00e9e, de cardamone, de muscade et de toast\u00e9. Les tannins sont structurants et finement fermes.<\/p><\/blockquote>\n<h2><span style=\"color: #8a2121;\"><strong>2018<\/strong><\/span><\/h2>\n<p><strong>VERT DE VIN (Choukroun Chicheportiche Jonathan) \u2013 NOVEMBRE 2020<\/strong><br \/>\n90-91 pts &#8211; 15,25\/20<\/p>\n<blockquote><p>Le nez est e\u0301le\u0301gant, race\u0301 et offre une petite puissance, une fine concentration et une petite fraicheur. On y retrouve des notes de cassis sauvage, de petits fruits noirs sauvages frais et plus le\u0301ge\u0300rement de petits fruits bleus, de poivre gris associe\u0301es a\u0300 de fines touches de violette, de fraise ainsi qu\u2019a\u0300 des pointes d\u2019e\u0301pices, a\u0300 une discre\u0300te pointe de cacao et de che\u0302ne sec. La bouche est fraiche, fruite\u0301e et offre de la suavite\u0301, de la rondeur, un grain fin, de l\u2019e\u0301le\u0301gance ainsi qu\u2019un joli e\u0301quilibre, une belle fraicheur, une bonne structure, de la puissance, une trame acidule\u0301e et de la tension. En bouche ce vin exprime des notes de cassis sauvage frais\/juteux, de mu\u0302re sauvage frais et plus le\u0301ge\u0300rement de prune fraiche associe\u0301es a\u0300 une touche de framboise fraiche ainsi qu\u2019a\u0300 de petites pointes de violette fraiche, de lys frais, de cardamone, a\u0300 de discre\u0300tes pointes de sens de la place (biotop local) et de che\u0302ne toaste\u0301. Bonne longueur. Les tannins offrent une certaine puissance et fermete\u0301.<\/p><\/blockquote>\n<h2><span style=\"color: #8a2121;\"><strong>2017<\/strong><\/span><\/h2>\n<p><strong>VERT DE VIN (Choukroun Chicheportiche Jonathan) \u2013 JANVIER 2020<\/strong><br \/>\n89 pts &#8211; 14,75+\/20<\/p>\n<blockquote><p>Le nez offre de tr\u00e8s fines notes d\u2019\u00e9pices, de cuir frais et plus l\u00e9g\u00e8rement de cassis frais\/juteux ainsi qu\u2019\u00e0 de fines pointes de fleurs, vari\u00e9tales et \u00e0 une discr\u00e8te pointe de poivre de Cuben. La bouche est fruit\u00e9e, min\u00e9rale et offre un fin gras, de la suavit\u00e9 ainsi qu\u2019une trame min\u00e9rale et une bonne guideline. En bouche ce vin exprime des notes de m\u00fbre charnue, de cassis charnu\/juteux et plus l\u00e9g\u00e8rement de fleurs (lys, violette) associ\u00e9es \u00e0 de fines touches de cuir frais, d\u2019\u00e9pices et \u00e0 de tr\u00e8s discr\u00e8tes pointes de vanille. Les tannins sont bien men\u00e9s.<\/p><\/blockquote>\n<p><strong>LE POINT\u00a0\u2013 MAI\u00a02018<\/strong><br \/>\n14\/20<\/p>\n<blockquote><p>Cerise burlat, m\u00fbre, bouche douce, l\u00e9g\u00e8re, tanins fins, \u00e9quilibr\u00e9, assez savoureux, droit.<\/p><\/blockquote>\n<h2><span style=\"color: #8a2121;\"><strong>2016<\/strong><\/span><\/h2>\n<p><strong>JACQUES DUPONT &#8211; LE POINT &#8211; MAI 2021<\/strong><\/p>\n<p>15,5 &#8211; COUP DE COEUR<\/p>\n<blockquote><p>Nez fin, \u00e9l\u00e9gant, baies sauvages, myrtille, bouche harmonieuse, tanins fins enrob\u00e9s, d\u00e9licats, finale un r\u00e9gliss\u00e9e. 10\u20ac O=2022 G=10 ans<\/p><\/blockquote>\n<h2><span style=\"color: #8a2121;\"><strong>2015<\/strong><\/span><\/h2>\n<p><strong>GUIDE HACHETTE 2019 &#8211; SEPTEMBRE\u00a02018<\/strong><\/p>\n<p>1 \u00e9toile<\/p>\n<blockquote><p>En 1987, Philippe Hermouet s\u2019est install\u00e9 sur les terres familiales: 35 ha d\u2019un seul tenant, r\u00e9partis en deux crus: le Clos du Roy, cru de 4 ha \u00e0 Saillans (Fronsac), et Roc Meynard, 28 ha dans la commune voisine de Villegouge. Plantations et rachats de vignes ont port\u00e9 l\u2019ensemble \u00e0 50 ha, \u00e0 l\u2019origine de quatre \u00e9tiquettes en Fronsac, Bordeaux sup\u00e9rieur et Bordeaux.<\/p>\n<p>Ce vin d\u00e9voile une belle trame aromatique autour du cassis, de la fraise et des \u00e9pices douces d\u00e9licatement vanill\u00e9es. Le palais s\u00e9duit par son volume, sa douceur et son charnu, par le velout\u00e9 de ses tanins. Un vin \u00e9l\u00e9gant et g\u00e9n\u00e9reux. 2021-2028<\/p><\/blockquote>\n<p><strong>CONCOURS G\u00c9N\u00c9RAL AGRICOLE DE PARIS \u2013 MARS 2017<\/strong><\/p>\n<blockquote><p>M\u00e9daille d\u2019Or<\/p><\/blockquote>\n","protected":false},"excerpt":{"rendered":"<p>Arabesque\u00a0de Clos du Roy Classement par mill\u00e9sime 2019 VERT DE VIN (Choukroun Chicheportiche Jonathan) \u2013 [&hellip;]<\/p>\n","protected":false},"author":1,"featured_media":1198,"parent":0,"menu_order":0,"comment_status":"closed","ping_status":"closed","template":"","meta":{"footnotes":""},"_links":{"self":[{"href":"https:\/\/www.vignobleshermouet.com\/fr\/wp-json\/wp\/v2\/pages\/1205"}],"collection":[{"href":"https:\/\/www.vignobleshermouet.com\/fr\/wp-json\/wp\/v2\/pages"}],"about":[{"href":"https:\/\/www.vignobleshermouet.com\/fr\/wp-json\/wp\/v2\/types\/page"}],"author":[{"embeddable":true,"href":"https:\/\/www.vignobleshermouet.com\/fr\/wp-json\/wp\/v2\/users\/1"}],"replies":[{"embeddable":true,"href":"https:\/\/www.vignobleshermouet.com\/fr\/wp-json\/wp\/v2\/comments?post=1205"}],"version-history":[{"count":12,"href":"https:\/\/www.vignobleshermouet.com\/fr\/wp-json\/wp\/v2\/pages\/1205\/revisions"}],"predecessor-version":[{"id":1776,"href":"https:\/\/www.vignobleshermouet.com\/fr\/wp-json\/wp\/v2\/pages\/1205\/revisions\/1776"}],"wp:featuredmedia":[{"embeddable":true,"href":"https:\/\/www.vignobleshermouet.com\/fr\/wp-json\/wp\/v2\/media\/1198"}],"wp:attachment":[{"href":"https:\/\/www.vignobleshermouet.com\/fr\/wp-json\/wp\/v2\/media?parent=1205"}],"curies":[{"name":"wp","href":"https:\/\/api.w.org\/{rel}","templated":true}]}}