{"id":1207,"date":"2017-11-07T16:35:48","date_gmt":"2017-11-07T15:35:48","guid":{"rendered":"http:\/\/www.vignobleshermouet.com\/fr\/?page_id=1207"},"modified":"2017-11-15T10:50:22","modified_gmt":"2017-11-15T09:50:22","slug":"presse-et-distinction-cuvee-arthur","status":"publish","type":"page","link":"https:\/\/www.vignobleshermouet.com\/fr\/presse-et-distinction-cuvee-arthur\/","title":{"rendered":"Presse et distinction &#8211; Cuv\u00e9e Arthur"},"content":{"rendered":"<h2>Cuv\u00e9e Arthur<\/h2>\n<h3><span style=\"color: #7a1c1c;\"><strong>2012<\/strong><\/span><\/h3>\n<p><strong><b>LE POINT \u2013 MAI 2013<\/b><\/strong><\/p>\n<p>14,5-15\/20<\/p>\n<blockquote><p>Bouche ronde, souple, \u00e9l\u00e9gante, tannins fins, velout\u00e9s, bonne structure en finesse, assez long.<\/p><\/blockquote>\n<h3><span style=\"color: #7a1c1c;\"><strong>2011<\/strong><\/span><\/h3>\n<p><strong>GUIDE HACHETTE 2015 \u2013 SEPTEMBRE 2014<\/strong><\/p>\n<p>1\u00a0\u00e9toile<\/p>\n<blockquote><p>En 1987, Philippe Hermouet a acquis 35 ha autour du tertre de Meynard, cru de 4 ha \u00e0 Saillans, et Roc Meynard, 5 ha dans la commune voisine de Villegouge. Plantations et rachats de vignes ont port\u00e9 l&rsquo;ensemble \u00e0 40 ha, \u00e0 l&rsquo;origine de quatre \u00e9tiquettes en Fronsac, Bordeaux Sup\u00e9rieur et Bordeaux.<\/p>\n<p>S\u00e9lection des meilleurs parcelles du Clos du Roy, cette cuv\u00e9e \u00e9lev\u00e9e douze mois en barriques neuves fait, plut\u00f4t qu&rsquo;au bois, la part belle aux fruits m\u00fbrs, agr\u00e9ment\u00e9s de nuances florales. Le palais, \u00e0 l&rsquo;unisson, s\u00e9duit par son volume, sa densit\u00e9 et ses tanins soyeux. Un vin rac\u00e9 et \u00e9quilibr\u00e9. 2016-2020. Mets et vins: R\u00f4ti de boeuf.<\/p><\/blockquote>\n<p><strong>GUIDE HUBERT 2014 \u2013 AVRIL 2014<\/strong><\/p>\n<p>4,5 verres\/5<\/p>\n<blockquote><p>Le nez est tr\u00e8s expressif, avec un fruit et un bois\u00e9 exub\u00e9rants, la bouche tout aussi aromatique, montre une texture charnue, franche, de la fra\u00eecheur et un superbe \u00e9quilibre.<\/p><\/blockquote>\n<div>\n<p><strong>LE POINT \u2013 MAI 2012<\/strong><\/p>\n<p>13,5\/20<\/p>\n<blockquote><p>Fruits noirs, r\u00e9glisse, bouche souple, fraiche, tanins plus serr\u00e9s ensuite, ensemble assez accrocheur.<br \/>\nO= 2017 G=12 ans<\/p><\/blockquote>\n<\/div>\n<p><strong>LA REVUE DES VINS DE FRANCE \u2013 MAI 2012<\/strong><\/p>\n<blockquote><p>Un nez complexe et tr\u00e8s frais, exhalant des notes de ronce, de menthe et de cassis. D\u00e9licat.<\/p><\/blockquote>\n<h3>\u00a0<span style=\"color: #7a1c1c;\"><strong>2010<\/strong><\/span><\/h3>\n<p><strong><b>BETTANE ET DESSEAUVE 2014 &#8211; SEPTEMBRE 2013<\/b><\/strong><\/p>\n<p>Le Clos du Roy, situ\u00e9 sur la commune de Saillans o\u00f9 le caract\u00e8re argileux des terroirs donne naturellement de la puissance aux vins, \u00e9tant connu pour ses fronsacs d\u2019un style robuste et traditionnel. Gr\u00e2ce \u00e0 l\u2019attention port\u00e9e \u00e0 la vigne et \u00e0 une vinification soign\u00e9e, ceux-ci s\u2019affinent au fil des ann\u00e9es et gardent en \u00e9clat.<\/p>\n<p>14,5\/20<\/p>\n<blockquote><p>Expression tr\u00e8s aromatique, bonne s\u00e8ve avec une personnalit\u00e9 classique mais puissante, de la fra\u00eecheur malgr\u00e9 l\u2019alcool.<\/p><\/blockquote>\n<p><strong><b>GUIDE HACHETTE 2014 \u2013 SEPTEMBRE 2013<\/b><\/strong><\/p>\n<p>Coup de c\u0153ur \u2013 2 \u00e9toiles<\/p>\n<blockquote><p>Philippe Hermouet, apr\u00e8s vingt-cinq ann\u00e9es de viticulture, a r\u00e9cemment achet\u00e9 le ch\u00e2teau Roc Saint-Bernard, situ\u00e9 \u00e0 Saillans, d\u00e9sormais incorpor\u00e9 au Clos du Roy et dont une partie des vignes a \u00e9t\u00e9 int\u00e9gr\u00e9e \u00e0 ce 2010 largement domin\u00e9 par le merlot (95%, le cabernet sauvignon en appoint). La robe est d\u2019un superbe grenat profond. Complexe et intense, le nez marie les fruits noirs aux \u00e9pices douces. La bouche affiche une r\u00e9elle puissance, beaucoup de richesse et de concentration, port\u00e9e par des tanins solides, extrait avec doigt\u00e9. Un vin de garde assur\u00e9ment, que l\u2019on attendra au moins cinq ou six ans.<b><\/b><\/p><\/blockquote>\n<div>\n<h3><span style=\"color: #7a1c1c;\"><strong>2009<\/strong><\/span><\/h3>\n<p><strong>GUIDE HACHETTE DES VINS 2013 \u2013 SEPTEMBRE 2012<\/strong><\/p>\n<\/div>\n<div>\n<p>1 \u00e9toile<\/p>\n<blockquote><p>Repris en 1987 par Philippe Hermouet, ce domaine propose un 2009 tr\u00e8s r\u00e9ussi, qui fait la part belle au merlot (95%). Cette cuv\u00e9e, au bouquet pendant un an. L\u2019attaque ample ouvre sur un palais puissant, bien structur\u00e9 par des tannins velout\u00e9s et persistants qui assureront \u00e0 ce vin une garde de 3 \u00e0 6 ans. La cuv\u00e9e principale du domaine, le Clos du Roy 2009 (40 000 b.), cit\u00e9e pour son nez de fruits rouges et d\u2019\u00e9pices, ce d\u00e9bouchera plus t\u00f4t.<\/p><\/blockquote>\n<\/div>\n<p><strong>LE POINT \u2013 MAI 2010<\/strong><\/p>\n<p>16\/20<\/p>\n<blockquote><p>Bois\u00e9, prune, bouche ronde, souple, tanins fondus, vin \u00e9l\u00e9gant, assez soyeux, bien fait, bonne longueur, fin.<\/p><\/blockquote>\n<h3><span style=\"color: #7a1c1c;\"><strong>2008<\/strong><\/span><\/h3>\n<p><strong>GUIDE HACHETTE 2012 \u2013 SEPTEMBRE 2011<\/strong><\/p>\n<div>\n<div>\n<p>1 \u00e9toile<\/p>\n<blockquote><p>Une demeure girondine classique, \u00e0 l\u2019entr\u00e9e de Saillans, propri\u00e9t\u00e9 depuis 1987 de Philippe HERMOUET ing\u00e9nieur agronome. Le cru propose un 2008 poupre sombre, au bouquet soutenu de m\u00fbre, de cassis et de prune. Le palais concentr\u00e9, ample et vineux, s\u2019appuie sur de solides tanins et offre un bel \u00e9quilibre entre fruit et barrique. La Cuv\u00e9e Arthur, plus tannique et b\u00e9n\u00e9ficiant d\u2019un \u00e9levage plus important en barrique. Elle vieillira plus longtemps.<\/p><\/blockquote>\n<p><strong>BETTANE ET DESSEAUVE 2012 \u2013 AO\u00dbT 2011<\/strong><\/p>\n<\/div>\n<\/div>\n<p>14,5\/20<\/p>\n<blockquote><p>Le vin est encore domin\u00e9 par un bois\u00e9 un peu grossier de chocolat et de moka , grand volume de tanins, long, expressif, le mill\u00e9sime est l\u00e0 et l\u2019ensemble est coh\u00e9rent.<\/p><\/blockquote>\n<p><strong>FEMINALISE \u2013 AVRIL 2011<\/strong><\/p>\n<blockquote><p><span style=\"font-size: 0.9rem;\">M\u00e9daille d\u2019Or<\/span><\/p><\/blockquote>\n<h3><span style=\"color: #7a1c1c;\"><strong>2007<\/strong><\/span><\/h3>\n<p><strong>GUIDE HACHETTE 2011 \u2013 AO\u00dbT 2010<\/strong><\/p>\n<blockquote><p>S\u00e9lection de pur merlot, la cuv\u00e9e Arthur 2007 (11 \u00e0 15 \u20ac) est cit\u00e9e. Elle s\u00e9duira les amateurs de vins extraits et bois\u00e9s.<\/p><\/blockquote>\n<p><strong>BETTANE ET DESSEAUVE 2011 \u2013 AO\u00dbT 2010<\/strong><\/p>\n<p>15\/20<\/p>\n<blockquote><p>Robe brillante, notes l\u00e9g\u00e8rement bois\u00e9es, belle bouche ronde, gourmande et fruit\u00e9e, croquante avec des tanins agr\u00e9ablement friands et soyeux.<\/p><\/blockquote>\n<p><strong>CONCOURS DES VIGNERONS IND\u00c9PENDANTS \u2013 MAI 2010<\/strong><\/p>\n<div title=\"Page 6\">\n<blockquote><p>M\u00e9daille d\u2019Argent<\/p><\/blockquote>\n<\/div>\n<div title=\"Page 7\">\n<p><strong>F\u00c9MINALISE \u2013 AVRIL 2010<\/strong><\/p>\n<blockquote><p>M\u00e9daille d\u2019Argent<\/p><\/blockquote>\n<\/div>\n","protected":false},"excerpt":{"rendered":"<p>Cuv\u00e9e Arthur 2012 LE POINT \u2013 MAI 2013 14,5-15\/20 Bouche ronde, souple, \u00e9l\u00e9gante, tannins fins, [&hellip;]<\/p>\n","protected":false},"author":1,"featured_media":122,"parent":0,"menu_order":0,"comment_status":"closed","ping_status":"closed","template":"","meta":{"footnotes":""},"_links":{"self":[{"href":"https:\/\/www.vignobleshermouet.com\/fr\/wp-json\/wp\/v2\/pages\/1207"}],"collection":[{"href":"https:\/\/www.vignobleshermouet.com\/fr\/wp-json\/wp\/v2\/pages"}],"about":[{"href":"https:\/\/www.vignobleshermouet.com\/fr\/wp-json\/wp\/v2\/types\/page"}],"author":[{"embeddable":true,"href":"https:\/\/www.vignobleshermouet.com\/fr\/wp-json\/wp\/v2\/users\/1"}],"replies":[{"embeddable":true,"href":"https:\/\/www.vignobleshermouet.com\/fr\/wp-json\/wp\/v2\/comments?post=1207"}],"version-history":[{"count":4,"href":"https:\/\/www.vignobleshermouet.com\/fr\/wp-json\/wp\/v2\/pages\/1207\/revisions"}],"predecessor-version":[{"id":1294,"href":"https:\/\/www.vignobleshermouet.com\/fr\/wp-json\/wp\/v2\/pages\/1207\/revisions\/1294"}],"wp:featuredmedia":[{"embeddable":true,"href":"https:\/\/www.vignobleshermouet.com\/fr\/wp-json\/wp\/v2\/media\/122"}],"wp:attachment":[{"href":"https:\/\/www.vignobleshermouet.com\/fr\/wp-json\/wp\/v2\/media?parent=1207"}],"curies":[{"name":"wp","href":"https:\/\/api.w.org\/{rel}","templated":true}]}}