{"id":1213,"date":"2017-11-07T16:37:46","date_gmt":"2017-11-07T15:37:46","guid":{"rendered":"http:\/\/www.vignobleshermouet.com\/fr\/?page_id=1213"},"modified":"2022-11-18T11:14:18","modified_gmt":"2022-11-18T10:14:18","slug":"presse-et-distinction-chateau-lalande-mausse","status":"publish","type":"page","link":"https:\/\/www.vignobleshermouet.com\/fr\/presse-et-distinction-chateau-lalande-mausse\/","title":{"rendered":"Presse et Distinction &#8211; Ch\u00e2teau Lalande Mausse"},"content":{"rendered":"<h2>Ch\u00e2teau Lalande Mausse<\/h2>\n<h4 style=\"text-align: right;\"><strong>Classement par mill\u00e9sime<\/strong><\/h4>\n<h3><span style=\"color: #821a1a;\"><strong>2020<\/strong><\/span><\/h3>\n<p><strong>CONCOURS G\u00c9N\u00c9RAL AGRICOLE DE PARIS \u2013 AVRIL 2022<\/strong><\/p>\n<blockquote><p>M\u00e9daille d\u2019Or<\/p><\/blockquote>\n<h3><span style=\"color: #821a1a;\"><strong>2018<\/strong><\/span><\/h3>\n<p><strong>CHALLENGE INTERNATIONAL DU VIN DE BLAYE \u2013 AVRIL 2020<\/strong><\/p>\n<blockquote><p>M\u00e9daille d\u2019Or<\/p><\/blockquote>\n<h3><span style=\"color: #821a1a;\"><strong>2016<\/strong><\/span><\/h3>\n<p><strong>DECANTER WORLD WINE AWARDS \u2013 JUIN 2020<\/strong><\/p>\n<blockquote><p>M\u00e9daille de Bronze<\/p><\/blockquote>\n<h3><span style=\"color: #821a1a;\"><strong>2015<\/strong><\/span><\/h3>\n<p><strong>CHALLENGE INTERNATIONAL DU VIN DE BLAYE \u2013 AVRIL 2017<\/strong><\/p>\n<blockquote><p>M\u00e9daille d\u2019Or<\/p><\/blockquote>\n<p><strong><b>CONCOURS DES VINS D\u2019AQUITAINE \u2013 MAI 2017<\/b><\/strong><\/p>\n<blockquote><p>M\u00e9daille d\u2019Argent<\/p><\/blockquote>\n<div class=\"page\" title=\"Page 1\">\n<div class=\"section\">\n<h3><span style=\"color: #821a1a;\"><strong>2014<\/strong><\/span><\/h3>\n<p><strong>CHALLENGE INTERNATIONAL DU VIN DE BLAYE \u2013 AVRIL 2016<\/strong><\/p>\n<blockquote><p>M\u00e9daille d\u2019Or<\/p><\/blockquote>\n<h3><span style=\"color: #821a1a;\"><strong>2012<\/strong><\/span><\/h3>\n<p><strong>CHALLENGE INTERNATIONAL DU VIN DE BLAYE \u2013 AVRIL 2015<\/strong><\/p>\n<blockquote><p>M\u00e9daille d\u2019Argent<\/p><\/blockquote>\n<h3><span style=\"color: #821a1a;\"><strong>2011<\/strong><\/span><\/h3>\n<p><strong>FESTIVAL DES VINS DE BORDEAUX ET D\u2019AQUITAINE DE WUHAN \u2013 NOVEMBRE 2013<\/strong><\/p>\n<blockquote><p>Troph\u00e9e Coup de C\u0153ur<\/p><\/blockquote>\n<p><strong><b>CONCOURS DES VINS D\u2019AQUITAINE \u2013 MAI 2013<\/b><\/strong><\/p>\n<blockquote><p>M\u00e9daille d\u2019Or<\/p><\/blockquote>\n<h3><span style=\"color: #821a1a;\"><strong>2010<\/strong><\/span><\/h3>\n<p><strong>CONCOURS DES VINS D\u2019AQUITAINE \u2013 MAI 2012<\/strong><\/p>\n<blockquote><p>M\u00e9daille d\u2019Or<\/p><\/blockquote>\n<div title=\"Page 2\">\n<div>\n<p><strong>CHALLENGE INTERNATIONAL DU VIN DE BLAYE \u2013 AVRIL 2012<\/strong><\/p>\n<blockquote><p>M\u00e9daille d\u2019Or<\/p><\/blockquote>\n<\/div>\n<\/div>\n<\/div>\n<\/div>\n","protected":false},"excerpt":{"rendered":"<p>Ch\u00e2teau Lalande Mausse Classement par mill\u00e9sime 2020 CONCOURS G\u00c9N\u00c9RAL AGRICOLE DE PARIS \u2013 AVRIL 2022 [&hellip;]<\/p>\n","protected":false},"author":1,"featured_media":1016,"parent":0,"menu_order":0,"comment_status":"closed","ping_status":"closed","template":"","meta":{"footnotes":""},"_links":{"self":[{"href":"https:\/\/www.vignobleshermouet.com\/fr\/wp-json\/wp\/v2\/pages\/1213"}],"collection":[{"href":"https:\/\/www.vignobleshermouet.com\/fr\/wp-json\/wp\/v2\/pages"}],"about":[{"href":"https:\/\/www.vignobleshermouet.com\/fr\/wp-json\/wp\/v2\/types\/page"}],"author":[{"embeddable":true,"href":"https:\/\/www.vignobleshermouet.com\/fr\/wp-json\/wp\/v2\/users\/1"}],"replies":[{"embeddable":true,"href":"https:\/\/www.vignobleshermouet.com\/fr\/wp-json\/wp\/v2\/comments?post=1213"}],"version-history":[{"count":9,"href":"https:\/\/www.vignobleshermouet.com\/fr\/wp-json\/wp\/v2\/pages\/1213\/revisions"}],"predecessor-version":[{"id":1842,"href":"https:\/\/www.vignobleshermouet.com\/fr\/wp-json\/wp\/v2\/pages\/1213\/revisions\/1842"}],"wp:featuredmedia":[{"embeddable":true,"href":"https:\/\/www.vignobleshermouet.com\/fr\/wp-json\/wp\/v2\/media\/1016"}],"wp:attachment":[{"href":"https:\/\/www.vignobleshermouet.com\/fr\/wp-json\/wp\/v2\/media?parent=1213"}],"curies":[{"name":"wp","href":"https:\/\/api.w.org\/{rel}","templated":true}]}}