{"id":37,"date":"2013-09-16T20:53:08","date_gmt":"2013-09-16T19:53:08","guid":{"rendered":"http:\/\/www.vignobleshermouet.com\/?page_id=37"},"modified":"2018-02-21T12:32:07","modified_gmt":"2018-02-21T11:32:07","slug":"25-ans-d-evolution","status":"publish","type":"page","link":"https:\/\/www.vignobleshermouet.com\/fr\/histoire\/25-ans-d-evolution\/","title":{"rendered":"30 ans d\u2019\u00e9volution"},"content":{"rendered":"<p style=\"text-align: justify;\">Le vignoble en 1987 regroupait 2 propri\u00e9t\u00e9s\u00a0: le Clos du Roy, petit domaine de 4 hectares en appellation Fronsac et Ch\u00e2teau Roc Meynard 30 Hectares regroup\u00e9s autour du tertre de Meynard sur la commune voisine de Villegouge, mais seulement 5 hectares de vigne. Petit \u00e0 petit le vignoble du ch\u00e2teau Roc Meynard a \u00e9t\u00e9 reconstitu\u00e9 puis le Clos du Roy a \u00e9t\u00e9 agrandi.<\/p>\n<p><a title=\"Les \u00e9tapes\" href=\"http:\/\/www.vignobleshermouet.com\/histoire\/25-ans-d-evolution\/les-etapes\/\">Les \u00e9tapes<\/a><\/p>\n","protected":false},"excerpt":{"rendered":"<p>Le vignoble en 1987 regroupait 2 propri\u00e9t\u00e9s\u00a0: le Clos du Roy, petit domaine de 4 [&hellip;]<\/p>\n","protected":false},"author":1,"featured_media":1029,"parent":34,"menu_order":0,"comment_status":"open","ping_status":"open","template":"","meta":{"footnotes":""},"_links":{"self":[{"href":"https:\/\/www.vignobleshermouet.com\/fr\/wp-json\/wp\/v2\/pages\/37"}],"collection":[{"href":"https:\/\/www.vignobleshermouet.com\/fr\/wp-json\/wp\/v2\/pages"}],"about":[{"href":"https:\/\/www.vignobleshermouet.com\/fr\/wp-json\/wp\/v2\/types\/page"}],"author":[{"embeddable":true,"href":"https:\/\/www.vignobleshermouet.com\/fr\/wp-json\/wp\/v2\/users\/1"}],"replies":[{"embeddable":true,"href":"https:\/\/www.vignobleshermouet.com\/fr\/wp-json\/wp\/v2\/comments?post=37"}],"version-history":[{"count":5,"href":"https:\/\/www.vignobleshermouet.com\/fr\/wp-json\/wp\/v2\/pages\/37\/revisions"}],"predecessor-version":[{"id":1365,"href":"https:\/\/www.vignobleshermouet.com\/fr\/wp-json\/wp\/v2\/pages\/37\/revisions\/1365"}],"up":[{"embeddable":true,"href":"https:\/\/www.vignobleshermouet.com\/fr\/wp-json\/wp\/v2\/pages\/34"}],"wp:featuredmedia":[{"embeddable":true,"href":"https:\/\/www.vignobleshermouet.com\/fr\/wp-json\/wp\/v2\/media\/1029"}],"wp:attachment":[{"href":"https:\/\/www.vignobleshermouet.com\/fr\/wp-json\/wp\/v2\/media?parent=37"}],"curies":[{"name":"wp","href":"https:\/\/api.w.org\/{rel}","templated":true}]}}