{"id":46,"date":"2013-09-16T20:57:11","date_gmt":"2013-09-16T19:57:11","guid":{"rendered":"http:\/\/www.vignobleshermouet.com\/?page_id=46"},"modified":"2013-11-20T10:39:28","modified_gmt":"2013-11-20T09:39:28","slug":"fronsac","status":"publish","type":"page","link":"https:\/\/www.vignobleshermouet.com\/fr\/le-domaine\/fronsac\/","title":{"rendered":"L&rsquo;appellation Fronsac"},"content":{"rendered":"<p style=\"text-align: justify;\">Autour de la ville de Libourne s\u2019\u00e9tendent les vignobles de St Emilion \u00e0 l\u2019est, Pomerol au Nord et Fronsac \u00e0 l\u2019ouest. Voisines, ces appellations ont de nombreux points communs\u00a0: Le c\u00e9page Merlot y est dominant, au moins 70% sur chaque domaine, souvent plus. Les propri\u00e9t\u00e9s sont souvent familiales et de taille modeste, autour de 10 \u00e0 15 hectares m\u00eame si la tendance est \u00e0 la concentration.<\/p>\n<p style=\"text-align: justify;\">Le vignoble de Fronsac se caract\u00e9rise par la beaut\u00e9 de ses paysages et sa richesse architecturale, avec une multitude de petits ch\u00e2teaux et belles maisons girondines qui attestent de l\u2019anciennet\u00e9 de son histoire viticole et t\u00e9moignent d\u2019un premier Age d\u2019or viticole qui s\u2019\u00e9tend du milieu du XVIII<span class=\"Apple-style-span\" style=\"font-size: 11px;\">\u00e8me<\/span>\u00a0si\u00e8cle \u00e0 la crise du phyllox\u00e9ra \u00e0 la fin du XIX<span class=\"Apple-style-span\" style=\"font-size: 11px;\">\u00e8me<\/span>.<\/p>\n","protected":false},"excerpt":{"rendered":"<p>Autour de la ville de Libourne s\u2019\u00e9tendent les vignobles de St Emilion \u00e0 l\u2019est, Pomerol [&hellip;]<\/p>\n","protected":false},"author":1,"featured_media":13,"parent":44,"menu_order":0,"comment_status":"open","ping_status":"closed","template":"","meta":{"footnotes":""},"_links":{"self":[{"href":"https:\/\/www.vignobleshermouet.com\/fr\/wp-json\/wp\/v2\/pages\/46"}],"collection":[{"href":"https:\/\/www.vignobleshermouet.com\/fr\/wp-json\/wp\/v2\/pages"}],"about":[{"href":"https:\/\/www.vignobleshermouet.com\/fr\/wp-json\/wp\/v2\/types\/page"}],"author":[{"embeddable":true,"href":"https:\/\/www.vignobleshermouet.com\/fr\/wp-json\/wp\/v2\/users\/1"}],"replies":[{"embeddable":true,"href":"https:\/\/www.vignobleshermouet.com\/fr\/wp-json\/wp\/v2\/comments?post=46"}],"version-history":[{"count":8,"href":"https:\/\/www.vignobleshermouet.com\/fr\/wp-json\/wp\/v2\/pages\/46\/revisions"}],"predecessor-version":[{"id":369,"href":"https:\/\/www.vignobleshermouet.com\/fr\/wp-json\/wp\/v2\/pages\/46\/revisions\/369"}],"up":[{"embeddable":true,"href":"https:\/\/www.vignobleshermouet.com\/fr\/wp-json\/wp\/v2\/pages\/44"}],"wp:featuredmedia":[{"embeddable":true,"href":"https:\/\/www.vignobleshermouet.com\/fr\/wp-json\/wp\/v2\/media\/13"}],"wp:attachment":[{"href":"https:\/\/www.vignobleshermouet.com\/fr\/wp-json\/wp\/v2\/media?parent=46"}],"curies":[{"name":"wp","href":"https:\/\/api.w.org\/{rel}","templated":true}]}}