{"id":58,"date":"2013-09-17T18:05:43","date_gmt":"2013-09-17T17:05:43","guid":{"rendered":"http:\/\/www.vignobleshermouet.com\/?page_id=58"},"modified":"2020-10-13T09:12:32","modified_gmt":"2020-10-13T08:12:32","slug":"clos-du-roy","status":"publish","type":"page","link":"https:\/\/www.vignobleshermouet.com\/fr\/le-domaine\/clos-du-roy\/","title":{"rendered":"Clos du Roy"},"content":{"rendered":"<p style=\"text-align: justify;\">Les vignes du Clos du Roy sont situ\u00e9es sur la commune de Saillans sur les plateaux qui dominent la Vall\u00e9e de l\u2019Isle.<\/p>\n<p style=\"text-align: justify;\">Le Clos du Roy n\u2019est pas un ch\u00e2teau mais une belle demeure girondine du XIX\u00e8me si\u00e8cle orient\u00e9e plein sud. Elle est adoss\u00e9e \u00e0 des chais plus anciens o\u00f9 se d\u00e9roule le vieillissement en barriques.<\/p>\n","protected":false},"excerpt":{"rendered":"<p>Les vignes du Clos du Roy sont situ\u00e9es sur la commune de Saillans sur les [&hellip;]<\/p>\n","protected":false},"author":1,"featured_media":12,"parent":44,"menu_order":0,"comment_status":"open","ping_status":"open","template":"","meta":{"footnotes":""},"_links":{"self":[{"href":"https:\/\/www.vignobleshermouet.com\/fr\/wp-json\/wp\/v2\/pages\/58"}],"collection":[{"href":"https:\/\/www.vignobleshermouet.com\/fr\/wp-json\/wp\/v2\/pages"}],"about":[{"href":"https:\/\/www.vignobleshermouet.com\/fr\/wp-json\/wp\/v2\/types\/page"}],"author":[{"embeddable":true,"href":"https:\/\/www.vignobleshermouet.com\/fr\/wp-json\/wp\/v2\/users\/1"}],"replies":[{"embeddable":true,"href":"https:\/\/www.vignobleshermouet.com\/fr\/wp-json\/wp\/v2\/comments?post=58"}],"version-history":[{"count":10,"href":"https:\/\/www.vignobleshermouet.com\/fr\/wp-json\/wp\/v2\/pages\/58\/revisions"}],"predecessor-version":[{"id":1656,"href":"https:\/\/www.vignobleshermouet.com\/fr\/wp-json\/wp\/v2\/pages\/58\/revisions\/1656"}],"up":[{"embeddable":true,"href":"https:\/\/www.vignobleshermouet.com\/fr\/wp-json\/wp\/v2\/pages\/44"}],"wp:featuredmedia":[{"embeddable":true,"href":"https:\/\/www.vignobleshermouet.com\/fr\/wp-json\/wp\/v2\/media\/12"}],"wp:attachment":[{"href":"https:\/\/www.vignobleshermouet.com\/fr\/wp-json\/wp\/v2\/media?parent=58"}],"curies":[{"name":"wp","href":"https:\/\/api.w.org\/{rel}","templated":true}]}}