{"id":604,"date":"2014-02-20T12:25:28","date_gmt":"2014-02-20T11:25:28","guid":{"rendered":"http:\/\/www.vignobleshermouet.com\/?page_id=604"},"modified":"2014-09-04T14:01:55","modified_gmt":"2014-09-04T13:01:55","slug":"clos-du-roy-en-image","status":"publish","type":"page","link":"https:\/\/www.vignobleshermouet.com\/fr\/le-domaine\/clos-du-roy-en-image\/","title":{"rendered":"Clos du Roy en image"},"content":{"rendered":"<p style=\"text-align: justify;\">Durant l\u2019\u00e9t\u00e9 2013, notre importateur chinois est venu nous rendre visite avec plusieurs de ses collaborateurs. Il a souhait\u00e9 r\u00e9aliser une vid\u00e9o afin de pr\u00e9senter le Clos du Roy \u00e0 ses clients. C\u2019est cette vid\u00e9o que nous vous pr\u00e9sentons.<\/p>\n<div style=\"width: 415px;\" class=\"wp-video\"><!--[if lt IE 9]><script>document.createElement('video');<\/script><![endif]-->\n<video class=\"wp-video-shortcode\" id=\"video-604-1\" width=\"415\" height=\"233\" preload=\"metadata\" controls=\"controls\"><source type=\"video\/mp4\" src=\"https:\/\/www.vignobleshermouet.com\/fr\/wp-content\/uploads\/2014\/02\/Closduroy-leg.mp4?_=1\" \/><a href=\"https:\/\/www.vignobleshermouet.com\/fr\/wp-content\/uploads\/2014\/02\/Closduroy-leg.mp4\">https:\/\/www.vignobleshermouet.com\/fr\/wp-content\/uploads\/2014\/02\/Closduroy-leg.mp4<\/a><\/video><\/div>\n","protected":false},"excerpt":{"rendered":"<p>Durant l\u2019\u00e9t\u00e9 2013, notre importateur chinois est venu nous rendre visite avec plusieurs de ses [&hellip;]<\/p>\n","protected":false},"author":1,"featured_media":606,"parent":44,"menu_order":0,"comment_status":"open","ping_status":"open","template":"","meta":{"footnotes":""},"_links":{"self":[{"href":"https:\/\/www.vignobleshermouet.com\/fr\/wp-json\/wp\/v2\/pages\/604"}],"collection":[{"href":"https:\/\/www.vignobleshermouet.com\/fr\/wp-json\/wp\/v2\/pages"}],"about":[{"href":"https:\/\/www.vignobleshermouet.com\/fr\/wp-json\/wp\/v2\/types\/page"}],"author":[{"embeddable":true,"href":"https:\/\/www.vignobleshermouet.com\/fr\/wp-json\/wp\/v2\/users\/1"}],"replies":[{"embeddable":true,"href":"https:\/\/www.vignobleshermouet.com\/fr\/wp-json\/wp\/v2\/comments?post=604"}],"version-history":[{"count":5,"href":"https:\/\/www.vignobleshermouet.com\/fr\/wp-json\/wp\/v2\/pages\/604\/revisions"}],"predecessor-version":[{"id":775,"href":"https:\/\/www.vignobleshermouet.com\/fr\/wp-json\/wp\/v2\/pages\/604\/revisions\/775"}],"up":[{"embeddable":true,"href":"https:\/\/www.vignobleshermouet.com\/fr\/wp-json\/wp\/v2\/pages\/44"}],"wp:featuredmedia":[{"embeddable":true,"href":"https:\/\/www.vignobleshermouet.com\/fr\/wp-json\/wp\/v2\/media\/606"}],"wp:attachment":[{"href":"https:\/\/www.vignobleshermouet.com\/fr\/wp-json\/wp\/v2\/media?parent=604"}],"curies":[{"name":"wp","href":"https:\/\/api.w.org\/{rel}","templated":true}]}}