{"id":62,"date":"2013-09-17T18:07:06","date_gmt":"2013-09-17T17:07:06","guid":{"rendered":"http:\/\/www.vignobleshermouet.com\/?page_id=62"},"modified":"2022-12-06T09:50:38","modified_gmt":"2022-12-06T08:50:38","slug":"la-vigne-et-le-chai","status":"publish","type":"page","link":"https:\/\/www.vignobleshermouet.com\/fr\/la-vigne-et-le-chai\/","title":{"rendered":"La vigne et le chai"},"content":{"rendered":"<p style=\"text-align: justify;\">Nous ne cultivons pas la vigne et n\u2019\u00e9laborons pas le vin aujourd\u2019hui comme nous le faisions lorsque j\u2019ai d\u00e9but\u00e9 en 1987. Durant toutes ces ann\u00e9es, nous avons \u00e9t\u00e9 curieux et attentifs aux diff\u00e9rentes \u00e9volutions techniques tout en restant respectueux d\u2019une exp\u00e9rience bordelaise s\u00e9culaire.<\/p>\n<p><a href=\"https:\/\/www.vignobleshermouet.com\/fr\/la-vigne-et-le-chai\/la-vigne\/\">La vigne<\/a><\/p>\n<p><a href=\"https:\/\/www.vignobleshermouet.com\/fr\/la-vigne-et-le-chai\/le-chai\/\">Le chai<\/a><\/p>\n","protected":false},"excerpt":{"rendered":"<p>Nous ne cultivons pas la vigne et n\u2019\u00e9laborons pas le vin aujourd\u2019hui comme nous le [&hellip;]<\/p>\n","protected":false},"author":1,"featured_media":1374,"parent":0,"menu_order":0,"comment_status":"open","ping_status":"closed","template":"","meta":{"footnotes":""},"_links":{"self":[{"href":"https:\/\/www.vignobleshermouet.com\/fr\/wp-json\/wp\/v2\/pages\/62"}],"collection":[{"href":"https:\/\/www.vignobleshermouet.com\/fr\/wp-json\/wp\/v2\/pages"}],"about":[{"href":"https:\/\/www.vignobleshermouet.com\/fr\/wp-json\/wp\/v2\/types\/page"}],"author":[{"embeddable":true,"href":"https:\/\/www.vignobleshermouet.com\/fr\/wp-json\/wp\/v2\/users\/1"}],"replies":[{"embeddable":true,"href":"https:\/\/www.vignobleshermouet.com\/fr\/wp-json\/wp\/v2\/comments?post=62"}],"version-history":[{"count":4,"href":"https:\/\/www.vignobleshermouet.com\/fr\/wp-json\/wp\/v2\/pages\/62\/revisions"}],"predecessor-version":[{"id":3137,"href":"https:\/\/www.vignobleshermouet.com\/fr\/wp-json\/wp\/v2\/pages\/62\/revisions\/3137"}],"wp:featuredmedia":[{"embeddable":true,"href":"https:\/\/www.vignobleshermouet.com\/fr\/wp-json\/wp\/v2\/media\/1374"}],"wp:attachment":[{"href":"https:\/\/www.vignobleshermouet.com\/fr\/wp-json\/wp\/v2\/media?parent=62"}],"curies":[{"name":"wp","href":"https:\/\/api.w.org\/{rel}","templated":true}]}}