{"id":68,"date":"2013-09-17T18:10:21","date_gmt":"2013-09-17T17:10:21","guid":{"rendered":"http:\/\/www.vignobleshermouet.com\/?page_id=68"},"modified":"2018-02-21T11:41:12","modified_gmt":"2018-02-21T10:41:12","slug":"le-merlot","status":"publish","type":"page","link":"https:\/\/www.vignobleshermouet.com\/fr\/la-vigne-et-le-chai\/la-vigne\/le-merlot\/","title":{"rendered":"Le Merlot"},"content":{"rendered":"<p style=\"text-align: justify;\">Au Clos du Roy comme au Ch\u00e2teau Roc Meynard les sols sont argilo calcaires avec une tendance argileuse marqu\u00e9e. Ce type de sols convient particuli\u00e8rement au c\u00e9page Merlot qui sur nos sols donne des vins de couleur soutenue, structur\u00e9s, de belle acidit\u00e9, aptes au vieillissement. Le merlot occupe 85 %des surfaces il est compl\u00e9t\u00e9 par 10% de cabernet sauvignon et 5% de cabernet franc. Nos tendances actuelles sont \u00e0 apporter plus de diversit\u00e9 en replantant du cabernet Franc et en \u00e9ssayant le Malbec.<\/p>\n<p style=\"text-align: justify;\">Les vins blancs du Chateau Roc Meynard sont produits \u00e0 partir de 50% Sauvignon blanc et 50% S\u00e9millon<\/p>\n<p><a title=\"Les densit\u00e9s\" href=\"http:\/\/www.vignobleshermouet.com\/la-vigne-et-le-chai\/la-vigne\/les-densites\/\">les densit\u00e9s<\/a><\/p>\n<p><a title=\"l\u2019enherbement\" href=\"http:\/\/www.vignobleshermouet.com\/la-vigne-et-le-chai\/la-vigne\/enherbement\/\">L&rsquo;enherbement<\/a><\/p>\n","protected":false},"excerpt":{"rendered":"<p>Au Clos du Roy comme au Ch\u00e2teau Roc Meynard les sols sont argilo calcaires avec [&hellip;]<\/p>\n","protected":false},"author":1,"featured_media":27,"parent":64,"menu_order":0,"comment_status":"open","ping_status":"open","template":"","meta":{"footnotes":""},"_links":{"self":[{"href":"https:\/\/www.vignobleshermouet.com\/fr\/wp-json\/wp\/v2\/pages\/68"}],"collection":[{"href":"https:\/\/www.vignobleshermouet.com\/fr\/wp-json\/wp\/v2\/pages"}],"about":[{"href":"https:\/\/www.vignobleshermouet.com\/fr\/wp-json\/wp\/v2\/types\/page"}],"author":[{"embeddable":true,"href":"https:\/\/www.vignobleshermouet.com\/fr\/wp-json\/wp\/v2\/users\/1"}],"replies":[{"embeddable":true,"href":"https:\/\/www.vignobleshermouet.com\/fr\/wp-json\/wp\/v2\/comments?post=68"}],"version-history":[{"count":7,"href":"https:\/\/www.vignobleshermouet.com\/fr\/wp-json\/wp\/v2\/pages\/68\/revisions"}],"predecessor-version":[{"id":1373,"href":"https:\/\/www.vignobleshermouet.com\/fr\/wp-json\/wp\/v2\/pages\/68\/revisions\/1373"}],"up":[{"embeddable":true,"href":"https:\/\/www.vignobleshermouet.com\/fr\/wp-json\/wp\/v2\/pages\/64"}],"wp:featuredmedia":[{"embeddable":true,"href":"https:\/\/www.vignobleshermouet.com\/fr\/wp-json\/wp\/v2\/media\/27"}],"wp:attachment":[{"href":"https:\/\/www.vignobleshermouet.com\/fr\/wp-json\/wp\/v2\/media?parent=68"}],"curies":[{"name":"wp","href":"https:\/\/api.w.org\/{rel}","templated":true}]}}