{"id":76,"date":"2013-09-17T18:13:57","date_gmt":"2013-09-17T17:13:57","guid":{"rendered":"http:\/\/www.vignobleshermouet.com\/?page_id=76"},"modified":"2013-10-31T15:21:04","modified_gmt":"2013-10-31T14:21:04","slug":"le-chai","status":"publish","type":"page","link":"https:\/\/www.vignobleshermouet.com\/fr\/la-vigne-et-le-chai\/le-chai\/","title":{"rendered":"Le chai"},"content":{"rendered":"<p style=\"text-align: justify;\">Sur nos vignobles les vins produits sont naturellement color\u00e9s et structur\u00e9s. Notre volont\u00e9 lors de la vinification, puis de l\u2019\u00e9levage, est de privil\u00e9gier l\u2019expression du fruit, le volume et l\u2019\u00e9quilibre. Cela passe en particulier par un contr\u00f4le strict des temp\u00e9ratures lors des vinifications et une gestion tr\u00e8s pr\u00e9cise de la dur\u00e9e et de la fr\u00e9quence des remontages pour chaque cuve.<\/p>\n<p style=\"text-align: justify;\"><a title=\"un pressurage doux\" href=\"http:\/\/www.vignobleshermouet.com\/la-vigne-et-le-chai\/le-chai\/un-pressurage-doux\/\">Un pressurage doux<\/a><\/p>\n<p><a title=\"Un an en barriques\" href=\"http:\/\/www.vignobleshermouet.com\/la-vigne-et-le-chai\/le-chai\/un-an-en-barriques\/\">Un an en barriques<\/a><\/p>\n","protected":false},"excerpt":{"rendered":"<p>Sur nos vignobles les vins produits sont naturellement color\u00e9s et structur\u00e9s. Notre volont\u00e9 lors de [&hellip;]<\/p>\n","protected":false},"author":1,"featured_media":22,"parent":62,"menu_order":0,"comment_status":"open","ping_status":"open","template":"","meta":{"footnotes":""},"_links":{"self":[{"href":"https:\/\/www.vignobleshermouet.com\/fr\/wp-json\/wp\/v2\/pages\/76"}],"collection":[{"href":"https:\/\/www.vignobleshermouet.com\/fr\/wp-json\/wp\/v2\/pages"}],"about":[{"href":"https:\/\/www.vignobleshermouet.com\/fr\/wp-json\/wp\/v2\/types\/page"}],"author":[{"embeddable":true,"href":"https:\/\/www.vignobleshermouet.com\/fr\/wp-json\/wp\/v2\/users\/1"}],"replies":[{"embeddable":true,"href":"https:\/\/www.vignobleshermouet.com\/fr\/wp-json\/wp\/v2\/comments?post=76"}],"version-history":[{"count":5,"href":"https:\/\/www.vignobleshermouet.com\/fr\/wp-json\/wp\/v2\/pages\/76\/revisions"}],"predecessor-version":[{"id":364,"href":"https:\/\/www.vignobleshermouet.com\/fr\/wp-json\/wp\/v2\/pages\/76\/revisions\/364"}],"up":[{"embeddable":true,"href":"https:\/\/www.vignobleshermouet.com\/fr\/wp-json\/wp\/v2\/pages\/62"}],"wp:featuredmedia":[{"embeddable":true,"href":"https:\/\/www.vignobleshermouet.com\/fr\/wp-json\/wp\/v2\/media\/22"}],"wp:attachment":[{"href":"https:\/\/www.vignobleshermouet.com\/fr\/wp-json\/wp\/v2\/media?parent=76"}],"curies":[{"name":"wp","href":"https:\/\/api.w.org\/{rel}","templated":true}]}}