{"id":81,"date":"2013-09-17T18:15:39","date_gmt":"2013-09-17T17:15:39","guid":{"rendered":"http:\/\/www.vignobleshermouet.com\/?page_id=81"},"modified":"2018-02-21T11:52:53","modified_gmt":"2018-02-21T10:52:53","slug":"un-an-en-barriques","status":"publish","type":"page","link":"https:\/\/www.vignobleshermouet.com\/fr\/la-vigne-et-le-chai\/le-chai\/un-an-en-barriques\/","title":{"rendered":"Un an en barriques"},"content":{"rendered":"<p style=\"text-align: justify;\">L\u2019ensemble des fronsac est \u00e9lev\u00e9 durant un an en barriques de ch\u00eane fran\u00e7ais. Afin de renforcer la complexit\u00e9 des vins nous travaillons avec diff\u00e9rents tonneliers et diff\u00e9rents niveaux de chauffe des barriques en privil\u00e9giant l\u00e0 encore les barriques susceptibles d\u2019\u00e9toffer le volume des vins tout en pr\u00e9servant le fruit et la complexit\u00e9 naturelle.<\/p>\n<p><a title=\"Un pressurage doux\" href=\"http:\/\/www.vignobleshermouet.com\/la-vigne-et-le-chai\/le-chai\/un-pressurage-doux\/\">Un pressurage doux<\/a><\/p>\n","protected":false},"excerpt":{"rendered":"<p>L\u2019ensemble des fronsac est \u00e9lev\u00e9 durant un an en barriques de ch\u00eane fran\u00e7ais. Afin de [&hellip;]<\/p>\n","protected":false},"author":1,"featured_media":1377,"parent":76,"menu_order":0,"comment_status":"open","ping_status":"open","template":"","meta":{"footnotes":""},"_links":{"self":[{"href":"https:\/\/www.vignobleshermouet.com\/fr\/wp-json\/wp\/v2\/pages\/81"}],"collection":[{"href":"https:\/\/www.vignobleshermouet.com\/fr\/wp-json\/wp\/v2\/pages"}],"about":[{"href":"https:\/\/www.vignobleshermouet.com\/fr\/wp-json\/wp\/v2\/types\/page"}],"author":[{"embeddable":true,"href":"https:\/\/www.vignobleshermouet.com\/fr\/wp-json\/wp\/v2\/users\/1"}],"replies":[{"embeddable":true,"href":"https:\/\/www.vignobleshermouet.com\/fr\/wp-json\/wp\/v2\/comments?post=81"}],"version-history":[{"count":3,"href":"https:\/\/www.vignobleshermouet.com\/fr\/wp-json\/wp\/v2\/pages\/81\/revisions"}],"predecessor-version":[{"id":365,"href":"https:\/\/www.vignobleshermouet.com\/fr\/wp-json\/wp\/v2\/pages\/81\/revisions\/365"}],"up":[{"embeddable":true,"href":"https:\/\/www.vignobleshermouet.com\/fr\/wp-json\/wp\/v2\/pages\/76"}],"wp:featuredmedia":[{"embeddable":true,"href":"https:\/\/www.vignobleshermouet.com\/fr\/wp-json\/wp\/v2\/media\/1377"}],"wp:attachment":[{"href":"https:\/\/www.vignobleshermouet.com\/fr\/wp-json\/wp\/v2\/media?parent=81"}],"curies":[{"name":"wp","href":"https:\/\/api.w.org\/{rel}","templated":true}]}}