{"id":89,"date":"2013-09-17T18:20:36","date_gmt":"2013-09-17T17:20:36","guid":{"rendered":"http:\/\/www.vignobleshermouet.com\/?page_id=89"},"modified":"2020-11-12T10:22:30","modified_gmt":"2020-11-12T09:22:30","slug":"les-vins","status":"publish","type":"page","link":"https:\/\/www.vignobleshermouet.com\/fr\/les-vins\/","title":{"rendered":"Les vins"},"content":{"rendered":"<p style=\"text-align: justify;\">Embouteill\u00e9s au bout de 12 \u00e0 20 mois d\u2019\u00e9levage selon les cuv\u00e9es (seulement 4 \u00e0 6 mois pour les blancs et ros\u00e9s) nos vins sont conserv\u00e9s en bouteilles nues (sans \u00e9tiquettes, ni capsules) et habill\u00e9s ensuite en fonction des commandes ce qui nous permet de nous conformer aux exigences des diff\u00e9rents march\u00e9s et aux r\u00e8glementations des diff\u00e9rents pays. C\u2019est ainsi que nous avons pu l\u2019an dernier exporter vers plus d\u2019une douzaine de pays diff\u00e9rents.<\/p>\n<p style=\"text-align: justify;\"><span style=\"text-decoration: underline;\">Gamme des Vins:<\/span><\/p>\n<p style=\"text-align: justify;\"><a title=\"Clos du Roy\" href=\"https:\/\/www.vignobleshermouet.com\/fr\/les-vins\/clos-du-roy\/\">Appellation Fronsac<\/a><\/p>\n<p style=\"text-align: justify;\"><a title=\"Ch\u00e2teau Roc Meynard\" href=\"https:\/\/www.vignobleshermouet.com\/fr\/les-vins\/chateau-roc-meynard\/\">Appellation Bordeaux &#8211; Bordeaux Sup\u00e9rieur<\/a><\/p>\n<p style=\"text-align: justify;\">\n","protected":false},"excerpt":{"rendered":"<p>Embouteill\u00e9s au bout de 12 \u00e0 20 mois d\u2019\u00e9levage selon les cuv\u00e9es (seulement 4 \u00e0 [&hellip;]<\/p>\n","protected":false},"author":1,"featured_media":256,"parent":0,"menu_order":0,"comment_status":"open","ping_status":"open","template":"","meta":{"footnotes":""},"_links":{"self":[{"href":"https:\/\/www.vignobleshermouet.com\/fr\/wp-json\/wp\/v2\/pages\/89"}],"collection":[{"href":"https:\/\/www.vignobleshermouet.com\/fr\/wp-json\/wp\/v2\/pages"}],"about":[{"href":"https:\/\/www.vignobleshermouet.com\/fr\/wp-json\/wp\/v2\/types\/page"}],"author":[{"embeddable":true,"href":"https:\/\/www.vignobleshermouet.com\/fr\/wp-json\/wp\/v2\/users\/1"}],"replies":[{"embeddable":true,"href":"https:\/\/www.vignobleshermouet.com\/fr\/wp-json\/wp\/v2\/comments?post=89"}],"version-history":[{"count":7,"href":"https:\/\/www.vignobleshermouet.com\/fr\/wp-json\/wp\/v2\/pages\/89\/revisions"}],"predecessor-version":[{"id":1670,"href":"https:\/\/www.vignobleshermouet.com\/fr\/wp-json\/wp\/v2\/pages\/89\/revisions\/1670"}],"wp:featuredmedia":[{"embeddable":true,"href":"https:\/\/www.vignobleshermouet.com\/fr\/wp-json\/wp\/v2\/media\/256"}],"wp:attachment":[{"href":"https:\/\/www.vignobleshermouet.com\/fr\/wp-json\/wp\/v2\/media?parent=89"}],"curies":[{"name":"wp","href":"https:\/\/api.w.org\/{rel}","templated":true}]}}