{"id":91,"date":"2013-09-17T18:26:22","date_gmt":"2013-09-17T17:26:22","guid":{"rendered":"http:\/\/www.vignobleshermouet.com\/?page_id=91"},"modified":"2018-05-28T10:34:45","modified_gmt":"2018-05-28T09:34:45","slug":"clos-du-roy","status":"publish","type":"page","link":"https:\/\/www.vignobleshermouet.com\/fr\/les-vins\/clos-du-roy\/","title":{"rendered":"Clos du Roy"},"content":{"rendered":"<p style=\"text-align: justify;\">La premi\u00e8re mise en bouteilles au Ch\u00e2teau remonte au mill\u00e9sime 1970. Auparavant le vin de cette petite propri\u00e9t\u00e9 \u00e9tait vendu en vrac au n\u00e9goce. Tr\u00e8s t\u00f4t le vin obtint une certaine notori\u00e9t\u00e9 et se positionna parmi les tr\u00e8s bons Fronsac . Pendant tr\u00e8s longtemps nous avons pr\u00e9sent\u00e9 nos vins au Concours G\u00e9n\u00e9ral agricole de Paris le vin a \u00e9t\u00e9 m\u00e9daill\u00e9 d\u2019Or pour les mill\u00e9simes 1975, 1985, 2003, puis 3 fois de suite pour les mill\u00e9simes 2009,2010 et 2011.<\/p>\n<p style=\"text-align: justify;\">Depuis le mill\u00e9sime 2014, le Clos du Roy est d\u00e9gust\u00e9 en primeur avec un succ\u00e8s certain pour les mill\u00e9simes 2015 et 2016.<\/p>\n<p style=\"text-align: justify;\"><a title=\"Clos du Roy\" href=\"https:\/\/www.vignobleshermouet.com\/fr\/les-vins\/clos-du-roy\/clos-du-roy\/\">Clos du Roy<\/a><\/p>\n<p><a href=\"https:\/\/www.vignobleshermouet.com\/fr\/arabesque-de-clos-du-roy\/\">Arabesque de Clos du roy<\/a><\/p>\n<p><a href=\"https:\/\/www.vignobleshermouet.com\/fr\/les-vins\/chateau-lalande-mausse\/\">Ch\u00e2teau Lalande Mausse<\/a><\/p>\n","protected":false},"excerpt":{"rendered":"<p>La premi\u00e8re mise en bouteilles au Ch\u00e2teau remonte au mill\u00e9sime 1970. Auparavant le vin de [&hellip;]<\/p>\n","protected":false},"author":1,"featured_media":1433,"parent":89,"menu_order":0,"comment_status":"open","ping_status":"open","template":"","meta":{"footnotes":""},"_links":{"self":[{"href":"https:\/\/www.vignobleshermouet.com\/fr\/wp-json\/wp\/v2\/pages\/91"}],"collection":[{"href":"https:\/\/www.vignobleshermouet.com\/fr\/wp-json\/wp\/v2\/pages"}],"about":[{"href":"https:\/\/www.vignobleshermouet.com\/fr\/wp-json\/wp\/v2\/types\/page"}],"author":[{"embeddable":true,"href":"https:\/\/www.vignobleshermouet.com\/fr\/wp-json\/wp\/v2\/users\/1"}],"replies":[{"embeddable":true,"href":"https:\/\/www.vignobleshermouet.com\/fr\/wp-json\/wp\/v2\/comments?post=91"}],"version-history":[{"count":8,"href":"https:\/\/www.vignobleshermouet.com\/fr\/wp-json\/wp\/v2\/pages\/91\/revisions"}],"predecessor-version":[{"id":1380,"href":"https:\/\/www.vignobleshermouet.com\/fr\/wp-json\/wp\/v2\/pages\/91\/revisions\/1380"}],"up":[{"embeddable":true,"href":"https:\/\/www.vignobleshermouet.com\/fr\/wp-json\/wp\/v2\/pages\/89"}],"wp:featuredmedia":[{"embeddable":true,"href":"https:\/\/www.vignobleshermouet.com\/fr\/wp-json\/wp\/v2\/media\/1433"}],"wp:attachment":[{"href":"https:\/\/www.vignobleshermouet.com\/fr\/wp-json\/wp\/v2\/media?parent=91"}],"curies":[{"name":"wp","href":"https:\/\/api.w.org\/{rel}","templated":true}]}}