{"id":95,"date":"2013-09-17T18:29:54","date_gmt":"2013-09-17T17:29:54","guid":{"rendered":"http:\/\/www.vignobleshermouet.com\/?page_id=95"},"modified":"2018-02-21T12:02:04","modified_gmt":"2018-02-21T11:02:04","slug":"clos-du-roy","status":"publish","type":"page","link":"https:\/\/www.vignobleshermouet.com\/fr\/les-vins\/clos-du-roy\/clos-du-roy\/","title":{"rendered":"Clos du Roy"},"content":{"rendered":"<p style=\"text-align: justify;\">\u00a0Clos du Roy repr\u00e9sente le \u00ab\u00a0grand vin\u00a0\u00bb de la propri\u00e9t\u00e9. Vin tannique et de belle acidit\u00e9, il est naturellement apte au vieillissement. Notre travail est d\u2019\u00e9lever ce vin en m\u00ealant au mieux, densit\u00e9, complexit\u00e9 et \u00e9quilibre.<\/p>\n<p style=\"text-align: justify;\"><a href=\"https:\/\/www.vignobleshermouet.com\/fr\/wp-content\/uploads\/2017\/11\/fiche-technique-CR-NX-ET.pdf\">Fiche technique Clos du Roy<\/a><\/p>\n<p><a href=\"https:\/\/www.vignobleshermouet.com\/fr\/presse-et-distinctions-2\/\">Presse et Distinctions &#8211; Clos du Roy<\/a><\/p>\n<p>&nbsp;<\/p>\n<p>Nos autres Fronsac:<\/p>\n<p><a href=\"https:\/\/www.vignobleshermouet.com\/fr\/arabesque-de-clos-du-roy\/\">Arabesque de Clos du roy\u00a0<\/a><\/p>\n<p><a href=\"https:\/\/www.vignobleshermouet.com\/fr\/les-vins\/chateau-lalande-mausse\/\">Ch\u00e2teau Lalande Mausse<\/a><\/p>\n","protected":false},"excerpt":{"rendered":"<p>\u00a0Clos du Roy repr\u00e9sente le \u00ab\u00a0grand vin\u00a0\u00bb de la propri\u00e9t\u00e9. Vin tannique et de belle [&hellip;]<\/p>\n","protected":false},"author":1,"featured_media":1157,"parent":91,"menu_order":0,"comment_status":"open","ping_status":"open","template":"","meta":{"footnotes":""},"_links":{"self":[{"href":"https:\/\/www.vignobleshermouet.com\/fr\/wp-json\/wp\/v2\/pages\/95"}],"collection":[{"href":"https:\/\/www.vignobleshermouet.com\/fr\/wp-json\/wp\/v2\/pages"}],"about":[{"href":"https:\/\/www.vignobleshermouet.com\/fr\/wp-json\/wp\/v2\/types\/page"}],"author":[{"embeddable":true,"href":"https:\/\/www.vignobleshermouet.com\/fr\/wp-json\/wp\/v2\/users\/1"}],"replies":[{"embeddable":true,"href":"https:\/\/www.vignobleshermouet.com\/fr\/wp-json\/wp\/v2\/comments?post=95"}],"version-history":[{"count":15,"href":"https:\/\/www.vignobleshermouet.com\/fr\/wp-json\/wp\/v2\/pages\/95\/revisions"}],"predecessor-version":[{"id":1382,"href":"https:\/\/www.vignobleshermouet.com\/fr\/wp-json\/wp\/v2\/pages\/95\/revisions\/1382"}],"up":[{"embeddable":true,"href":"https:\/\/www.vignobleshermouet.com\/fr\/wp-json\/wp\/v2\/pages\/91"}],"wp:featuredmedia":[{"embeddable":true,"href":"https:\/\/www.vignobleshermouet.com\/fr\/wp-json\/wp\/v2\/media\/1157"}],"wp:attachment":[{"href":"https:\/\/www.vignobleshermouet.com\/fr\/wp-json\/wp\/v2\/media?parent=95"}],"curies":[{"name":"wp","href":"https:\/\/api.w.org\/{rel}","templated":true}]}}